{"id":3,"date":"2024-01-31T07:20:43","date_gmt":"2024-01-31T06:20:43","guid":{"rendered":"http:\/\/poliglota.net\/?page_id=3"},"modified":"2024-05-24T20:07:27","modified_gmt":"2024-05-24T18:07:27","slug":"polityka-prywatnosci","status":"publish","type":"page","link":"https:\/\/poliglota.net\/?page_id=3","title":{"rendered":"Polityka prywatno\u015bci"},"content":{"rendered":"\n<p><strong>POLITYKA PRYWATNO\u015aCI&nbsp;<\/strong><\/p>\n\n\n\n<p><strong>1. Wprowadzenie&nbsp;<\/strong><\/p>\n\n\n\n<p>Ochrona informacji dotycz\u0105cych Twoich danych osobowych jest dla nas bardzo wa\u017cna. Zbieramy i przetwarzamy Twoje dane tak, aby\u015b czu\u0142 si\u0119 bezpiecznie gdy ich u\u017cywamy (przetwarzamy). Przetwarzamy je tylko i wy\u0142\u0105cznie je\u015bli jest to niezb\u0119dne do prowadzenia dzia\u0142alno\u015bci i \u015bwiadczenia us\u0142ug. Polityka ma charakter og\u00f3lny i prezentuje najwa\u017cniejsze kwestie zwi\u0105zane z przetwarzaniem danych osobowych.&nbsp;<\/p>\n\n\n\n<p><strong>Dane kontaktowe:<\/strong><br>Poliglota Szko\u0142a J\u0119zyk\u00f3w Obcych,<br>ul. T\u0119czowa 2a\/28, 63-600 K\u0119pno<\/p>\n\n\n\n<p><strong>2. Dlaczego u\u017cywamy (przetwarzamy) dane osobowe? W jakich celach:<\/strong><\/p>\n\n\n\n<p>-komunikacji z Tob\u0105, a szczeg\u00f3lnie przekazania danych poprzez formularz zg\u0142oszeniowy,<\/p>\n\n\n\n<p>-korzystania z e-dziennika,<\/p>\n\n\n\n<p>-wykorzystywania system\u00f3w Edu Bears: Bears&#8217; Station, Plac Zabaw oraz Savvy Quest<\/p>\n\n\n\n<p>-zawarcia umowy i jej realizacji.<\/p>\n\n\n\n<p><strong>3. Jak i kiedy zbieramy dane osobowe?<\/strong><\/p>\n\n\n\n<p>Poliglota w ramach prowadzonej dzia\u0142alno\u015bci i \u015bwiadczonych us\u0142ug zbiera dane osobowe kiedy:<\/p>\n\n\n\n<p>-wype\u0142niasz dane w formularzu zg\u0142oszeniowym,<\/p>\n\n\n\n<p>-logujesz si\u0119 do e-dziennika,<\/p>\n\n\n\n<p>-korzystasz z system\u00f3w Edu Bears: Bears&#8217; Station, Plac Zabaw oraz Savvy Quest<\/p>\n\n\n\n<p>-zawierasz umow\u0119,&nbsp;<\/p>\n\n\n\n<p>-wype\u0142niasz formularz zg\u0142oszeniowy<\/p>\n\n\n\n<p><strong>4.Twoje Dane gdzie mog\u0105 by\u0107 przekazane:<\/strong><\/p>\n\n\n\n<p>Przekazujemy Twoje dane innym podmiotom tylko wtedy, gdy jest to niezb\u0119dne do realizacji cel\u00f3w przetwarzania o kt\u00f3rych mowa w punkcie nr 2. W razie potrzeby Twoje dane mog\u0105 by\u0107 przekazane podmiotom, z kt\u00f3rymi wsp\u00f3\u0142pracujemy przy realizacji ww. cel\u00f3w: firmie hostingowej, podmiotowi zarz\u0105dzaj\u0105cemu stron\u0105, firmom udost\u0119pniaj\u0105cym korzystanie z system\u00f3w Edu Bears oraz e-dziennika, innym podmiotom wspieraj\u0105cym nas w realizacji cel\u00f3w przetwarzania.<\/p>\n\n\n\n<p><strong>5. Jakie dane przetwarzamy?<\/strong><\/p>\n\n\n\n<p>W ramach swojej dzia\u0142alno\u015bci i \u015bwiadczenia us\u0142ug wykorzystuje nast\u0119puj\u0105ce informacje:<br>\u2022&nbsp;<strong>dane identyfikacyjne<\/strong>&nbsp;\u2013 np. imi\u0119 i nazwisko,<br>\u2022&nbsp;<strong>dane kontaktowe<\/strong>&nbsp;\u2013 np. adres korespondencyjny, adres e- mail, numer telefonu;<br>\u2022&nbsp;<strong>informacje finansowe<\/strong>&nbsp;\u2013 np. dane dotycz\u0105ce p\u0142atno\u015bci, numer konta bankowego,<br>\u2022&nbsp;<strong>dane podmiot\u00f3w gospodarczych<\/strong>&nbsp;\u2013 np. nazwa firmy, numer NIP, dane osoby kontaktowej;<\/p>\n\n\n\n<p><strong>6. Prywatno\u015b\u0107 dzieci.<\/strong><\/p>\n\n\n\n<p>Nasza strona internetowa nie jest skierowana do dzieci. Co do zasady, nie gromadzimy danych osobowych dzieci poni\u017cej 16 roku \u017cycia. Osoby poni\u017cej 16 roku \u017cycia chc\u0105ce skorzysta\u0107 z naszych us\u0142ug powinny skorzysta\u0107 z pomocy rodzica lub opiekuna. W przypadku, je\u015bli dziecko jest poni\u017cej 16 roku \u017cycia i mog\u0142o ujawni\u0107 nam dane osobowe, rodzic lub opiekun mo\u017ce skontaktowa\u0107 si\u0119 z nami pod adresem&nbsp;<a href=\"mailto:sekretariat@poliglota.net\" target=\"_blank\" rel=\"noreferrer noopener\">sekretariat@poliglota.net<\/a>, a my niezw\u0142ocznie usuniemy takie dane.<\/p>\n\n\n\n<p><strong>7. Jak d\u0142ugo b\u0119dziemy przetwarza\u0107 dane osobowe?<\/strong><\/p>\n\n\n\n<p>Nie b\u0119dziemy przechowywa\u0107 danych osobowych d\u0142u\u017cej ni\u017c jest to konieczne dla cel\u00f3w, dla kt\u00f3rych zosta\u0142y one pozyskane. Po up\u0142ywie okresu przechowywania usuniemy je lub zanonimizujemy, chyba \u017ce b\u0119dziemy potrzebowa\u0107 Twoich danych osobowych do innych cel\u00f3w. Zrealizujemy to wy\u0142\u0105cznie w\u00f3wczas, je\u015bli b\u0119dzie istnia\u0142a podstawa prawna zachowania Twoich danych osobowych i zapewnimy, by by\u0142y one dost\u0119pne wy\u0142\u0105cznie w tym celu. Okres przechowywania danych osobowych jest ustalony zgodnie z obowi\u0105zuj\u0105cymi przepisami prawa. W razie jakichkolwiek pyta\u0144 co do konkretnych okres\u00f3w przechowywania danych, prosimy o kontakt z nami, wykorzystuj\u0105c dane kontaktowe powy\u017cej lub adres:&nbsp;<a href=\"mailto:sekretariat@poliglota.net\" target=\"_blank\" rel=\"noreferrer noopener\">sekretariat@poliglota.net<\/a><\/p>\n\n\n\n<p><strong>8. Kto ma dost\u0119p do danych osobowych?<\/strong><\/p>\n\n\n\n<p>Poliglota mo\u017ce udost\u0119pnia\u0107 dane osobowe osobom trzecim w nast\u0119puj\u0105cych okoliczno\u015bciach:<br>\u2022&nbsp;<strong>podmiotom przetwarzaj\u0105cym dane<\/strong>, tj. takim, kt\u00f3re przetwarzaj\u0105 je w naszym imieniu, wy\u0142\u0105cznie jednak na podstawie naszych instrukcji. Poliglota b\u0119dzie korzysta\u0107 wy\u0142\u0105cznie z podmiot\u00f3w przetwarzaj\u0105cych dane, kt\u00f3re zapewniaj\u0105 wystarczaj\u0105ce gwarancje w celu wdro\u017cenia odpowiednich \u015brodk\u00f3w technicznych i organizacyjnych oraz zapewnienia ochrony praw os\u00f3b, kt\u00f3rych dane dotycz\u0105;<br>\u2022&nbsp;<strong>podmiotom wsp\u00f3\u0142pracuj\u0105cym z Poliglot\u0105<\/strong>, kt\u00f3rych us\u0142ugi wspieraj\u0105 dzia\u0142alno\u015b\u0107 Szko\u0142y J\u0119zyk\u00f3w Obcych, przyk\u0142adowo podmiot obs\u0142uguj\u0105cy e-dziennik lub systemy Edu Bears: Bears&#8217; Station, Plac Zabaw oraz Savvy Quest<br>\u2022&nbsp;<strong>pracownicy i wsp\u00f3\u0142pracownicy Poligloty<\/strong>, kt\u00f3rzy mog\u0105 mie\u0107 dost\u0119p do danych osobowych, je\u015bli jest to konieczne do wykonywania ich zada\u0144. W takim przypadku dost\u0119p zostanie udzielony tylko wtedy, gdy b\u0119dzie to konieczne do cel\u00f3w opisanych powy\u017cej, a pracownik b\u0119dzie zobowi\u0105zany do zachowania tych danych w poufno\u015bci.<\/p>\n\n\n\n<p><strong>9. Jakie masz prawa w zwi\u0105zku z przetwarzaniem Twoich danych osobowych?<\/strong><\/p>\n\n\n\n<p><strong>Prawo dost\u0119pu do swoich danych<br>Prawo do sprostowania danych<br>Prawo do usuni\u0119cia danych<br>Prawo do ograniczenia przetwarzania danych<br>Prawo do przenoszenia danych<br>Prawo do sprzeciwu wobec przetwarzania danych<br>Prawa dotycz\u0105ce zautomatyzowanego podejmowania decyzji<br>Prawo do cofni\u0119cia zgody<br>Prawo z\u0142o\u017cenia skargi<\/strong>. Je\u017celi stwierdzisz, \u017ce Twoje dane osobowe przetwarzamy niezgodnie z przepisami, mo\u017cesz z\u0142o\u017cy\u0107 skarg\u0119 do organu nadzorczego, kt\u00f3rym w Polsce jest Urz\u0105d Ochrony Danych Osobowych, ul. Stawki 1, 00-193 Warszawa.<\/p>\n\n\n\n<p><strong>10. Jak zada\u0107 pytanie?<\/strong><\/p>\n\n\n\n<p>Pytania lub skargi dotycz\u0105ce przetwarzania danych osobowych mo\u017cesz do nas kierowa\u0107 za po\u015brednictwem danych kontaktowych podanych w g\u00f3rnej cz\u0119\u015bci niniejszej polityki prywatno\u015bci lub na adres:&nbsp;<a href=\"mailto:sekretariat@poliglota.net\" target=\"_blank\" rel=\"noreferrer noopener\">sekretariat@poliglota.net<\/a>. W celu szybkiej odpowiedzi na Twoje pytanie, prosimy aby\u015b poda\u0142: swoje imi\u0119 i nazwisko oraz dane kontaktowe (numeru telefonu lub adres e-mail), a w przypadku wniosk\u00f3w pisemnych tak\u017ce adres do korespondencji;<br>Mo\u017cemy by\u0107 zobowi\u0105zani do poproszenia Ci\u0119 o potwierdzenie Twojej to\u017csamo\u015bci, zanim udzielimy Ci \u017c\u0105danych informacji. Tw\u00f3j wniosek zostanie rozpatrzony niezw\u0142ocznie, nie p\u00f3\u017aniej jednak ni\u017c w ci\u0105gu miesi\u0105ca po jego otrzymaniu. Termin ten mo\u017ce ulec przed\u0142u\u017ceniu z uwagi na skomplikowany charakter \u017c\u0105dania lub liczb\u0119 \u017c\u0105da\u0144, o kolejne dwa miesi\u0105ce, o czym Ciebie poinformujemy.&nbsp;<\/p>\n\n\n\n<p><strong>11. Czy b\u0119dziemy wprowadza\u0107 zmiany w niniejszej Polityce?<\/strong><\/p>\n\n\n\n<p>Odpowied\u017a brzmi tak. Wynika\u0107 to mo\u017ce z potrzeby dostosowania do zmian w przepisach prawa, obowi\u0105zuj\u0105cych standard\u00f3w prywatno\u015bci lub te\u017c z rozszerzenia naszej oferty. W zwi\u0105zku z tym o wszelkich zmianach Poliglota b\u0119dzie informowa\u0142 komunikatem na swojej stronie internetowej.<\/p>\n\n\n\n<p><strong>12.Dane poza obszar EOG:<\/strong><\/p>\n\n\n\n<p>Co do zasady nie b\u0119d\u0105 przekazywane dane poza obszar EOG. Jednak Poliglota ma swoje konta na portalach Facebook, Instagram. Zasady korzystania z portalu spo\u0142eczno\u015bciowego ustala podmiot zarz\u0105dzaj\u0105cy tymi portalami Facebook, Instagram. Z uwagi na korzystanie z tych us\u0142ug Twoje dane mog\u0105 by\u0107 przekazywane do USA oraz Kanady. Dane te bed\u0105 przetwarzane wy\u0142\u0105cznie wtedy, gdy zdecydujesz si\u0119 na polubienie strony, do\u0142\u0105czenie do grupy, wybranie opcji \u201eobserwuj\u201d lub w inny spos\u00f3b zostawisz swoje dane na platformie zarz\u0105dzanej przez nas np. w formie zamieszczenia wpisu lub dodanie komentarza.&nbsp;<\/p>\n\n\n\n<p><strong>13. Czy u\u017cywamy wtyczek medi\u00f3w spo\u0142eczno\u015bciowych?<\/strong><\/p>\n\n\n\n<p>Na stronie u\u017cywane s\u0105 wtyczki, narz\u0119dzia spo\u0142eczno\u015bciowe udost\u0119pniane przez portale: Facebook, Instagram. Zasady dotycz\u0105ce przetwarzania dany osobowych opisane s\u0105 bezpo\u015brednio na stronach us\u0142ugodawc\u00f3w tych portali spo\u0142eczno\u015bciowych.&nbsp;<\/p>\n\n\n\n<p><strong>14. Pliki cookies.&nbsp;<\/strong>Strona wykorzystuje wy\u0142\u0105cznie pliki cookies niezb\u0119dne do jej dzia\u0142ania.<\/p>\n","protected":false},"excerpt":{"rendered":"<p>POLITYKA PRYWATNO\u015aCI&nbsp; 1. Wprowadzenie&nbsp; Ochrona informacji dotycz\u0105cych Twoich danych osobowych jest dla nas bardzo wa\u017cna. Zbieramy i przetwarzamy Twoje dane tak, aby\u015b czu\u0142 si\u0119 bezpiecznie gdy ich u\u017cywamy (przetwarzamy). Przetwarzamy je tylko i wy\u0142\u0105cznie je\u015bli jest to niezb\u0119dne do prowadzenia dzia\u0142alno\u015bci i \u015bwiadczenia us\u0142ug. Polityka ma charakter og\u00f3lny i prezentuje najwa\u017cniejsze kwestie zwi\u0105zane z przetwarzaniem [&hellip;]<\/p>\n","protected":false},"author":1,"featured_media":0,"parent":0,"menu_order":0,"comment_status":"closed","ping_status":"open","template":"","meta":{"_ti_tpc_template_sync":false,"_ti_tpc_template_id":"","footnotes":""},"class_list":["post-3","page","type-page","status-publish","hentry"],"yoast_head":"<!-- This site is optimized with the Yoast SEO plugin v22.0 - https:\/\/yoast.com\/wordpress\/plugins\/seo\/ -->\n<title>Polityka prywatno\u015bci - Poliglota Szko\u0142a J\u0119zyk\u00f3w Obcych<\/title>\n<meta name=\"robots\" content=\"index, follow, max-snippet:-1, max-image-preview:large, max-video-preview:-1\" \/>\n<link rel=\"canonical\" href=\"https:\/\/poliglota.net\/?page_id=3\" \/>\n<meta property=\"og:locale\" content=\"pl_PL\" \/>\n<meta property=\"og:type\" content=\"article\" \/>\n<meta property=\"og:title\" content=\"Polityka prywatno\u015bci - Poliglota Szko\u0142a J\u0119zyk\u00f3w Obcych\" \/>\n<meta property=\"og:description\" content=\"POLITYKA PRYWATNO\u015aCI&nbsp; 1. Wprowadzenie&nbsp; Ochrona informacji dotycz\u0105cych Twoich danych osobowych jest dla nas bardzo wa\u017cna. Zbieramy i przetwarzamy Twoje dane tak, aby\u015b czu\u0142 si\u0119 bezpiecznie gdy ich u\u017cywamy (przetwarzamy). Przetwarzamy je tylko i wy\u0142\u0105cznie je\u015bli jest to niezb\u0119dne do prowadzenia dzia\u0142alno\u015bci i \u015bwiadczenia us\u0142ug. Polityka ma charakter og\u00f3lny i prezentuje najwa\u017cniejsze kwestie zwi\u0105zane z przetwarzaniem [&hellip;]\" \/>\n<meta property=\"og:url\" content=\"https:\/\/poliglota.net\/?page_id=3\" \/>\n<meta property=\"og:site_name\" content=\"Poliglota Szko\u0142a J\u0119zyk\u00f3w Obcych\" \/>\n<meta property=\"article:modified_time\" content=\"2024-05-24T18:07:27+00:00\" \/>\n<meta name=\"twitter:card\" content=\"summary_large_image\" \/>\n<meta name=\"twitter:label1\" content=\"Szacowany czas czytania\" \/>\n\t<meta name=\"twitter:data1\" content=\"6 minut\" \/>\n<script type=\"application\/ld+json\" class=\"yoast-schema-graph\">{\"@context\":\"https:\/\/schema.org\",\"@graph\":[{\"@type\":\"WebPage\",\"@id\":\"https:\/\/poliglota.net\/?page_id=3\",\"url\":\"https:\/\/poliglota.net\/?page_id=3\",\"name\":\"Polityka prywatno\u015bci - Poliglota Szko\u0142a J\u0119zyk\u00f3w Obcych\",\"isPartOf\":{\"@id\":\"https:\/\/poliglota.net\/#website\"},\"datePublished\":\"2024-01-31T06:20:43+00:00\",\"dateModified\":\"2024-05-24T18:07:27+00:00\",\"breadcrumb\":{\"@id\":\"https:\/\/poliglota.net\/?page_id=3#breadcrumb\"},\"inLanguage\":\"pl-PL\",\"potentialAction\":[{\"@type\":\"ReadAction\",\"target\":[\"https:\/\/poliglota.net\/?page_id=3\"]}]},{\"@type\":\"BreadcrumbList\",\"@id\":\"https:\/\/poliglota.net\/?page_id=3#breadcrumb\",\"itemListElement\":[{\"@type\":\"ListItem\",\"position\":1,\"name\":\"Home\",\"item\":\"https:\/\/poliglota.net\/\"},{\"@type\":\"ListItem\",\"position\":2,\"name\":\"Polityka prywatno\u015bci\"}]},{\"@type\":\"WebSite\",\"@id\":\"https:\/\/poliglota.net\/#website\",\"url\":\"https:\/\/poliglota.net\/\",\"name\":\"Poliglota Szko\u0142a J\u0119zyk\u00f3w Obcych\",\"description\":\"Nasza szko\u0142a istnieje od 2007 roku. Specjalizujemy si\u0119 w nauczaniu j\u0119zyka angielskiego, niemieckiego, rosyjskiego, w\u0142oskiego, hiszpa\u0144skiego oraz francuskiego na wszystkich poziomach zaawansowania.\",\"publisher\":{\"@id\":\"https:\/\/poliglota.net\/#organization\"},\"potentialAction\":[{\"@type\":\"SearchAction\",\"target\":{\"@type\":\"EntryPoint\",\"urlTemplate\":\"https:\/\/poliglota.net\/?s={search_term_string}\"},\"query-input\":\"required name=search_term_string\"}],\"inLanguage\":\"pl-PL\"},{\"@type\":\"Organization\",\"@id\":\"https:\/\/poliglota.net\/#organization\",\"name\":\"Poliglota Szko\u0142a J\u0119zyk\u00f3w Obcych\",\"url\":\"https:\/\/poliglota.net\/\",\"logo\":{\"@type\":\"ImageObject\",\"inLanguage\":\"pl-PL\",\"@id\":\"https:\/\/poliglota.net\/#\/schema\/logo\/image\/\",\"url\":\"https:\/\/poliglota.net\/wp-content\/uploads\/2024\/04\/unnamed.jpg\",\"contentUrl\":\"https:\/\/poliglota.net\/wp-content\/uploads\/2024\/04\/unnamed.jpg\",\"width\":686,\"height\":379,\"caption\":\"Poliglota Szko\u0142a J\u0119zyk\u00f3w Obcych\"},\"image\":{\"@id\":\"https:\/\/poliglota.net\/#\/schema\/logo\/image\/\"}}]}<\/script>\n<!-- \/ Yoast SEO plugin. -->","yoast_head_json":{"title":"Polityka prywatno\u015bci - Poliglota Szko\u0142a J\u0119zyk\u00f3w Obcych","robots":{"index":"index","follow":"follow","max-snippet":"max-snippet:-1","max-image-preview":"max-image-preview:large","max-video-preview":"max-video-preview:-1"},"canonical":"https:\/\/poliglota.net\/?page_id=3","og_locale":"pl_PL","og_type":"article","og_title":"Polityka prywatno\u015bci - Poliglota Szko\u0142a J\u0119zyk\u00f3w Obcych","og_description":"POLITYKA PRYWATNO\u015aCI&nbsp; 1. Wprowadzenie&nbsp; Ochrona informacji dotycz\u0105cych Twoich danych osobowych jest dla nas bardzo wa\u017cna. Zbieramy i przetwarzamy Twoje dane tak, aby\u015b czu\u0142 si\u0119 bezpiecznie gdy ich u\u017cywamy (przetwarzamy). Przetwarzamy je tylko i wy\u0142\u0105cznie je\u015bli jest to niezb\u0119dne do prowadzenia dzia\u0142alno\u015bci i \u015bwiadczenia us\u0142ug. Polityka ma charakter og\u00f3lny i prezentuje najwa\u017cniejsze kwestie zwi\u0105zane z przetwarzaniem [&hellip;]","og_url":"https:\/\/poliglota.net\/?page_id=3","og_site_name":"Poliglota Szko\u0142a J\u0119zyk\u00f3w Obcych","article_modified_time":"2024-05-24T18:07:27+00:00","twitter_card":"summary_large_image","twitter_misc":{"Szacowany czas czytania":"6 minut"},"schema":{"@context":"https:\/\/schema.org","@graph":[{"@type":"WebPage","@id":"https:\/\/poliglota.net\/?page_id=3","url":"https:\/\/poliglota.net\/?page_id=3","name":"Polityka prywatno\u015bci - Poliglota Szko\u0142a J\u0119zyk\u00f3w Obcych","isPartOf":{"@id":"https:\/\/poliglota.net\/#website"},"datePublished":"2024-01-31T06:20:43+00:00","dateModified":"2024-05-24T18:07:27+00:00","breadcrumb":{"@id":"https:\/\/poliglota.net\/?page_id=3#breadcrumb"},"inLanguage":"pl-PL","potentialAction":[{"@type":"ReadAction","target":["https:\/\/poliglota.net\/?page_id=3"]}]},{"@type":"BreadcrumbList","@id":"https:\/\/poliglota.net\/?page_id=3#breadcrumb","itemListElement":[{"@type":"ListItem","position":1,"name":"Home","item":"https:\/\/poliglota.net\/"},{"@type":"ListItem","position":2,"name":"Polityka prywatno\u015bci"}]},{"@type":"WebSite","@id":"https:\/\/poliglota.net\/#website","url":"https:\/\/poliglota.net\/","name":"Poliglota Szko\u0142a J\u0119zyk\u00f3w Obcych","description":"Nasza szko\u0142a istnieje od 2007 roku. Specjalizujemy si\u0119 w nauczaniu j\u0119zyka angielskiego, niemieckiego, rosyjskiego, w\u0142oskiego, hiszpa\u0144skiego oraz francuskiego na wszystkich poziomach zaawansowania.","publisher":{"@id":"https:\/\/poliglota.net\/#organization"},"potentialAction":[{"@type":"SearchAction","target":{"@type":"EntryPoint","urlTemplate":"https:\/\/poliglota.net\/?s={search_term_string}"},"query-input":"required name=search_term_string"}],"inLanguage":"pl-PL"},{"@type":"Organization","@id":"https:\/\/poliglota.net\/#organization","name":"Poliglota Szko\u0142a J\u0119zyk\u00f3w Obcych","url":"https:\/\/poliglota.net\/","logo":{"@type":"ImageObject","inLanguage":"pl-PL","@id":"https:\/\/poliglota.net\/#\/schema\/logo\/image\/","url":"https:\/\/poliglota.net\/wp-content\/uploads\/2024\/04\/unnamed.jpg","contentUrl":"https:\/\/poliglota.net\/wp-content\/uploads\/2024\/04\/unnamed.jpg","width":686,"height":379,"caption":"Poliglota Szko\u0142a J\u0119zyk\u00f3w Obcych"},"image":{"@id":"https:\/\/poliglota.net\/#\/schema\/logo\/image\/"}}]}},"_links":{"self":[{"href":"https:\/\/poliglota.net\/index.php?rest_route=\/wp\/v2\/pages\/3","targetHints":{"allow":["GET"]}}],"collection":[{"href":"https:\/\/poliglota.net\/index.php?rest_route=\/wp\/v2\/pages"}],"about":[{"href":"https:\/\/poliglota.net\/index.php?rest_route=\/wp\/v2\/types\/page"}],"author":[{"embeddable":true,"href":"https:\/\/poliglota.net\/index.php?rest_route=\/wp\/v2\/users\/1"}],"replies":[{"embeddable":true,"href":"https:\/\/poliglota.net\/index.php?rest_route=%2Fwp%2Fv2%2Fcomments&post=3"}],"version-history":[{"count":1,"href":"https:\/\/poliglota.net\/index.php?rest_route=\/wp\/v2\/pages\/3\/revisions"}],"predecessor-version":[{"id":1155,"href":"https:\/\/poliglota.net\/index.php?rest_route=\/wp\/v2\/pages\/3\/revisions\/1155"}],"wp:attachment":[{"href":"https:\/\/poliglota.net\/index.php?rest_route=%2Fwp%2Fv2%2Fmedia&parent=3"}],"curies":[{"name":"wp","href":"https:\/\/api.w.org\/{rel}","templated":true}]}}