{"id":554,"date":"2024-05-08T19:57:23","date_gmt":"2024-05-08T17:57:23","guid":{"rendered":"https:\/\/poliglota.net\/?page_id=554"},"modified":"2024-05-28T17:36:27","modified_gmt":"2024-05-28T15:36:27","slug":"kursy","status":"publish","type":"page","link":"https:\/\/poliglota.net\/?page_id=554","title":{"rendered":"Kursy"},"content":{"rendered":"\t\t<div data-elementor-type=\"wp-page\" data-elementor-id=\"554\" class=\"elementor elementor-554\">\n\t\t\t\t<div class=\"elementor-element elementor-element-74339d5 e-flex e-con-boxed e-con e-parent\" data-id=\"74339d5\" data-element_type=\"container\" data-settings=\"{&quot;content_width&quot;:&quot;boxed&quot;}\" data-core-v316-plus=\"true\">\n\t\t\t\t\t<div class=\"e-con-inner\">\n\t\t\t\t<div class=\"elementor-element elementor-element-1c86ba0 elementor-widget elementor-widget-image\" data-id=\"1c86ba0\" data-element_type=\"widget\" data-widget_type=\"image.default\">\n\t\t\t\t<div class=\"elementor-widget-container\">\n\t\t\t<style>\/*! elementor - v3.19.0 - 07-02-2024 *\/\n.elementor-widget-image{text-align:center}.elementor-widget-image a{display:inline-block}.elementor-widget-image a img[src$=\".svg\"]{width:48px}.elementor-widget-image img{vertical-align:middle;display:inline-block}<\/style>\t\t\t\t\t\t\t\t\t\t<img fetchpriority=\"high\" decoding=\"async\" width=\"768\" height=\"243\" src=\"https:\/\/poliglota.net\/wp-content\/uploads\/2024\/05\/slider-3-768x243.png\" class=\"attachment-medium_large size-medium_large wp-image-806\" alt=\"\" srcset=\"https:\/\/poliglota.net\/wp-content\/uploads\/2024\/05\/slider-3-768x243.png 768w, https:\/\/poliglota.net\/wp-content\/uploads\/2024\/05\/slider-3-300x95.png 300w, https:\/\/poliglota.net\/wp-content\/uploads\/2024\/05\/slider-3-1024x323.png 1024w, https:\/\/poliglota.net\/wp-content\/uploads\/2024\/05\/slider-3-1536x485.png 1536w, https:\/\/poliglota.net\/wp-content\/uploads\/2024\/05\/slider-3.png 1900w\" sizes=\"(max-width: 768px) 100vw, 768px\" \/>\t\t\t\t\t\t\t\t\t\t\t\t\t<\/div>\n\t\t\t\t<\/div>\n\t\t\t\t\t<\/div>\n\t\t\t\t<\/div>\n\t\t<div class=\"elementor-element elementor-element-3b44b47 e-flex e-con-boxed e-con e-parent\" data-id=\"3b44b47\" data-element_type=\"container\" data-settings=\"{&quot;content_width&quot;:&quot;boxed&quot;}\" data-core-v316-plus=\"true\">\n\t\t\t\t\t<div class=\"e-con-inner\">\n\t\t\t\t<div class=\"elementor-element elementor-element-a9b75d3 elementor-widget elementor-widget-text-editor\" data-id=\"a9b75d3\" data-element_type=\"widget\" data-widget_type=\"text-editor.default\">\n\t\t\t\t<div class=\"elementor-widget-container\">\n\t\t\t<style>\/*! elementor - v3.19.0 - 07-02-2024 *\/\n.elementor-widget-text-editor.elementor-drop-cap-view-stacked .elementor-drop-cap{background-color:#69727d;color:#fff}.elementor-widget-text-editor.elementor-drop-cap-view-framed .elementor-drop-cap{color:#69727d;border:3px solid;background-color:transparent}.elementor-widget-text-editor:not(.elementor-drop-cap-view-default) .elementor-drop-cap{margin-top:8px}.elementor-widget-text-editor:not(.elementor-drop-cap-view-default) .elementor-drop-cap-letter{width:1em;height:1em}.elementor-widget-text-editor .elementor-drop-cap{float:left;text-align:center;line-height:1;font-size:50px}.elementor-widget-text-editor .elementor-drop-cap-letter{display:inline-block}<\/style>\t\t\t\t<p><strong>Witaj w Poliglocie<\/strong>\u00a0&#8211; miejscu, gdzie j\u0119zyki staj\u0105 si\u0119 \u0142\u0105cznikiem mi\u0119dzy lud\u017ami, a nauka staje si\u0119 pasj\u0105. Nasza szko\u0142a to wi\u0119cej ni\u017c tylko miejsce nauki &#8211; to spo\u0142eczno\u015b\u0107, kt\u00f3ra wspiera Twoje aspiracje j\u0119zykowe i pomaga Ci osi\u0105gn\u0105\u0107 cele.<\/p><p>Jeste\u015bmy innowacyjni w podej\u015bciu do nauczania, korzystaj\u0105c z najnowszych technik dydaktycznych, kt\u00f3re s\u0105 dostosowane do indywidualnych potrzeb naszych kursant\u00f3w. Nasz zesp\u00f3\u0142 to nie tylko do\u015bwiadczeni lektorzy, ale tak\u017ce nauczyciele posiadaj\u0105cy licencje na prowadzenie zaj\u0119\u0107 metod\u0105 Teddy Eddie i Savvy Ed, co sprawia, \u017ce nauka staje si\u0119 zar\u00f3wno skuteczna, jak i przyjemna.<\/p><p>W Poliglocie atmosfera sprzyja nauce, eliminuj\u0105c stres i stwarzaj\u0105c przyjazne warunki dla rozwoju umiej\u0119tno\u015bci j\u0119zykowych. Nasz\u0105 misj\u0105 jest promowanie idei, \u017ce nauka j\u0119zyka jest dost\u0119pna dla ka\u017cdego, niezale\u017cnie od wieku, oraz \u017ce zdolno\u015b\u0107 do komunikacji w j\u0119zyku obcym jest niezb\u0119dna w erze globalizacji.<\/p>\t\t\t\t\t\t<\/div>\n\t\t\t\t<\/div>\n\t\t\t\t<div class=\"elementor-element elementor-element-b4bd574 elementor-widget elementor-widget-text-editor\" data-id=\"b4bd574\" data-element_type=\"widget\" data-widget_type=\"text-editor.default\">\n\t\t\t\t<div class=\"elementor-widget-container\">\n\t\t\t\t\t\t\t<p>Nasze kursy j\u0119zykowe:<\/p><ol><li><p><a href=\"https:\/\/poliglota.net\/?page_id=964\">Little Linguists: Dla dzieci (8-12 lat), nauka przez zabaw\u0119, 65 godzin. \u00bb<\/a><\/p><\/li><li><p><a href=\"https:\/\/poliglota.net\/?page_id=966\">Teen English: Dla m\u0142odzie\u017cy (13-14 lat), przygotowanie do egzaminu, 86 godzin.\u00a0\u00bb<\/a><\/p><\/li><li><p><a href=\"https:\/\/poliglota.net\/?page_id=968\">Secondary Plus: Dla licealist\u00f3w, kurs maturalny, 65 lub 86 godzin.\u00a0\u00bb<\/a><\/p><\/li><li><p><a href=\"https:\/\/poliglota.net\/?page_id=970\">Matura Booster: Przygotowanie do matury, 50 godzin.\u00a0\u00bb<\/a><\/p><\/li><li><p><a href=\"https:\/\/poliglota.net\/?page_id=972\">Exam Excellence: Egzaminy certyfikowane (Cambridge, Goethe), intensywno\u015b\u0107 dostosowana.\u00a0\u00bb<\/a><\/p><\/li><li><p><a href=\"https:\/\/poliglota.net\/?page_id=974\">Business English: Kursy dla firm, dostosowane do potrzeb, intensywno\u015b\u0107 dostosowana.\u00a0\u00bb<\/a><\/p><\/li><li><p><a href=\"https:\/\/poliglota.net\/?page_id=976\">One-to-One: Indywidualne zaj\u0119cia, dostosowane do potrzeb i grafiku.\u00a0\u00bb<\/a><\/p><\/li><li><p><a href=\"https:\/\/poliglota.net\/?page_id=977\">English for Adults: Kursy dla doros\u0142ych \u00bb<\/a><\/p><\/li><li><p><a href=\"https:\/\/poliglota.net\/?page_id=71\">Teddy Eddie: Kursy j\u0119zykowe dla dzieci (2-7 lat)\u00a0\u00bb<\/a><\/p><\/li><li><p>\u00a0<a href=\"https:\/\/poliglota.net\/?page_id=438\">Savvy Ed: <\/a>Kursy j\u0119zykowe dla dzieci (7-10 lat)\u00a0\u00bb<\/p><\/li><li><p><a href=\"https:\/\/poliglota.net\/?page_id=980\">Inne j\u0119zyki obce \u00bb<\/a><\/p><\/li><li><p><a href=\"https:\/\/poliglota.net\/?page_id=1093\">Kursy wakacyjne \u00bb<\/a><\/p><\/li><\/ol><p>Odkryj idealny kurs dla siebie lub swojego dziecka!<\/p>\t\t\t\t\t\t<\/div>\n\t\t\t\t<\/div>\n\t\t\t\t\t<\/div>\n\t\t\t\t<\/div>\n\t\t\t\t<\/div>\n\t\t","protected":false},"excerpt":{"rendered":"<p>Witaj w Poliglocie\u00a0&#8211; miejscu, gdzie j\u0119zyki staj\u0105 si\u0119 \u0142\u0105cznikiem mi\u0119dzy lud\u017ami, a nauka staje si\u0119 pasj\u0105. Nasza szko\u0142a to wi\u0119cej ni\u017c tylko miejsce nauki &#8211; to spo\u0142eczno\u015b\u0107, kt\u00f3ra wspiera Twoje aspiracje j\u0119zykowe i pomaga Ci osi\u0105gn\u0105\u0107 cele. Jeste\u015bmy innowacyjni w podej\u015bciu do nauczania, korzystaj\u0105c z najnowszych technik dydaktycznych, kt\u00f3re s\u0105 dostosowane do indywidualnych potrzeb naszych [&hellip;]<\/p>\n","protected":false},"author":1,"featured_media":0,"parent":0,"menu_order":0,"comment_status":"closed","ping_status":"closed","template":"","meta":{"_ti_tpc_template_sync":false,"_ti_tpc_template_id":"","footnotes":""},"class_list":["post-554","page","type-page","status-publish","hentry"],"yoast_head":"<!-- This site is optimized with the Yoast SEO plugin v22.0 - https:\/\/yoast.com\/wordpress\/plugins\/seo\/ -->\n<title>Kursy - Poliglota Szko\u0142a J\u0119zyk\u00f3w Obcych<\/title>\n<meta name=\"robots\" content=\"index, follow, max-snippet:-1, max-image-preview:large, max-video-preview:-1\" \/>\n<link rel=\"canonical\" href=\"https:\/\/poliglota.net\/?page_id=554\" \/>\n<meta property=\"og:locale\" content=\"pl_PL\" \/>\n<meta property=\"og:type\" content=\"article\" \/>\n<meta property=\"og:title\" content=\"Kursy - Poliglota Szko\u0142a J\u0119zyk\u00f3w Obcych\" \/>\n<meta property=\"og:description\" content=\"Witaj w Poliglocie\u00a0&#8211; miejscu, gdzie j\u0119zyki staj\u0105 si\u0119 \u0142\u0105cznikiem mi\u0119dzy lud\u017ami, a nauka staje si\u0119 pasj\u0105. Nasza szko\u0142a to wi\u0119cej ni\u017c tylko miejsce nauki &#8211; to spo\u0142eczno\u015b\u0107, kt\u00f3ra wspiera Twoje aspiracje j\u0119zykowe i pomaga Ci osi\u0105gn\u0105\u0107 cele. Jeste\u015bmy innowacyjni w podej\u015bciu do nauczania, korzystaj\u0105c z najnowszych technik dydaktycznych, kt\u00f3re s\u0105 dostosowane do indywidualnych potrzeb naszych [&hellip;]\" \/>\n<meta property=\"og:url\" content=\"https:\/\/poliglota.net\/?page_id=554\" \/>\n<meta property=\"og:site_name\" content=\"Poliglota Szko\u0142a J\u0119zyk\u00f3w Obcych\" \/>\n<meta property=\"article:modified_time\" content=\"2024-05-28T15:36:27+00:00\" \/>\n<meta property=\"og:image\" content=\"https:\/\/poliglota.net\/wp-content\/uploads\/2024\/05\/slider-3-768x243.png\" \/>\n<meta name=\"twitter:card\" content=\"summary_large_image\" \/>\n<meta name=\"twitter:label1\" content=\"Szacowany czas czytania\" \/>\n\t<meta name=\"twitter:data1\" content=\"2 minuty\" \/>\n<script type=\"application\/ld+json\" class=\"yoast-schema-graph\">{\"@context\":\"https:\/\/schema.org\",\"@graph\":[{\"@type\":\"WebPage\",\"@id\":\"https:\/\/poliglota.net\/?page_id=554\",\"url\":\"https:\/\/poliglota.net\/?page_id=554\",\"name\":\"Kursy - Poliglota Szko\u0142a J\u0119zyk\u00f3w Obcych\",\"isPartOf\":{\"@id\":\"https:\/\/poliglota.net\/#website\"},\"datePublished\":\"2024-05-08T17:57:23+00:00\",\"dateModified\":\"2024-05-28T15:36:27+00:00\",\"breadcrumb\":{\"@id\":\"https:\/\/poliglota.net\/?page_id=554#breadcrumb\"},\"inLanguage\":\"pl-PL\",\"potentialAction\":[{\"@type\":\"ReadAction\",\"target\":[\"https:\/\/poliglota.net\/?page_id=554\"]}]},{\"@type\":\"BreadcrumbList\",\"@id\":\"https:\/\/poliglota.net\/?page_id=554#breadcrumb\",\"itemListElement\":[{\"@type\":\"ListItem\",\"position\":1,\"name\":\"Home\",\"item\":\"https:\/\/poliglota.net\/\"},{\"@type\":\"ListItem\",\"position\":2,\"name\":\"Kursy\"}]},{\"@type\":\"WebSite\",\"@id\":\"https:\/\/poliglota.net\/#website\",\"url\":\"https:\/\/poliglota.net\/\",\"name\":\"Poliglota Szko\u0142a J\u0119zyk\u00f3w Obcych\",\"description\":\"Nasza szko\u0142a istnieje od 2007 roku. Specjalizujemy si\u0119 w nauczaniu j\u0119zyka angielskiego, niemieckiego, rosyjskiego, w\u0142oskiego, hiszpa\u0144skiego oraz francuskiego na wszystkich poziomach zaawansowania.\",\"publisher\":{\"@id\":\"https:\/\/poliglota.net\/#organization\"},\"potentialAction\":[{\"@type\":\"SearchAction\",\"target\":{\"@type\":\"EntryPoint\",\"urlTemplate\":\"https:\/\/poliglota.net\/?s={search_term_string}\"},\"query-input\":\"required name=search_term_string\"}],\"inLanguage\":\"pl-PL\"},{\"@type\":\"Organization\",\"@id\":\"https:\/\/poliglota.net\/#organization\",\"name\":\"Poliglota Szko\u0142a J\u0119zyk\u00f3w Obcych\",\"url\":\"https:\/\/poliglota.net\/\",\"logo\":{\"@type\":\"ImageObject\",\"inLanguage\":\"pl-PL\",\"@id\":\"https:\/\/poliglota.net\/#\/schema\/logo\/image\/\",\"url\":\"https:\/\/poliglota.net\/wp-content\/uploads\/2024\/04\/unnamed.jpg\",\"contentUrl\":\"https:\/\/poliglota.net\/wp-content\/uploads\/2024\/04\/unnamed.jpg\",\"width\":686,\"height\":379,\"caption\":\"Poliglota Szko\u0142a J\u0119zyk\u00f3w Obcych\"},\"image\":{\"@id\":\"https:\/\/poliglota.net\/#\/schema\/logo\/image\/\"}}]}<\/script>\n<!-- \/ Yoast SEO plugin. -->","yoast_head_json":{"title":"Kursy - Poliglota Szko\u0142a J\u0119zyk\u00f3w Obcych","robots":{"index":"index","follow":"follow","max-snippet":"max-snippet:-1","max-image-preview":"max-image-preview:large","max-video-preview":"max-video-preview:-1"},"canonical":"https:\/\/poliglota.net\/?page_id=554","og_locale":"pl_PL","og_type":"article","og_title":"Kursy - Poliglota Szko\u0142a J\u0119zyk\u00f3w Obcych","og_description":"Witaj w Poliglocie\u00a0&#8211; miejscu, gdzie j\u0119zyki staj\u0105 si\u0119 \u0142\u0105cznikiem mi\u0119dzy lud\u017ami, a nauka staje si\u0119 pasj\u0105. Nasza szko\u0142a to wi\u0119cej ni\u017c tylko miejsce nauki &#8211; to spo\u0142eczno\u015b\u0107, kt\u00f3ra wspiera Twoje aspiracje j\u0119zykowe i pomaga Ci osi\u0105gn\u0105\u0107 cele. Jeste\u015bmy innowacyjni w podej\u015bciu do nauczania, korzystaj\u0105c z najnowszych technik dydaktycznych, kt\u00f3re s\u0105 dostosowane do indywidualnych potrzeb naszych [&hellip;]","og_url":"https:\/\/poliglota.net\/?page_id=554","og_site_name":"Poliglota Szko\u0142a J\u0119zyk\u00f3w Obcych","article_modified_time":"2024-05-28T15:36:27+00:00","og_image":[{"url":"https:\/\/poliglota.net\/wp-content\/uploads\/2024\/05\/slider-3-768x243.png"}],"twitter_card":"summary_large_image","twitter_misc":{"Szacowany czas czytania":"2 minuty"},"schema":{"@context":"https:\/\/schema.org","@graph":[{"@type":"WebPage","@id":"https:\/\/poliglota.net\/?page_id=554","url":"https:\/\/poliglota.net\/?page_id=554","name":"Kursy - Poliglota Szko\u0142a J\u0119zyk\u00f3w Obcych","isPartOf":{"@id":"https:\/\/poliglota.net\/#website"},"datePublished":"2024-05-08T17:57:23+00:00","dateModified":"2024-05-28T15:36:27+00:00","breadcrumb":{"@id":"https:\/\/poliglota.net\/?page_id=554#breadcrumb"},"inLanguage":"pl-PL","potentialAction":[{"@type":"ReadAction","target":["https:\/\/poliglota.net\/?page_id=554"]}]},{"@type":"BreadcrumbList","@id":"https:\/\/poliglota.net\/?page_id=554#breadcrumb","itemListElement":[{"@type":"ListItem","position":1,"name":"Home","item":"https:\/\/poliglota.net\/"},{"@type":"ListItem","position":2,"name":"Kursy"}]},{"@type":"WebSite","@id":"https:\/\/poliglota.net\/#website","url":"https:\/\/poliglota.net\/","name":"Poliglota Szko\u0142a J\u0119zyk\u00f3w Obcych","description":"Nasza szko\u0142a istnieje od 2007 roku. Specjalizujemy si\u0119 w nauczaniu j\u0119zyka angielskiego, niemieckiego, rosyjskiego, w\u0142oskiego, hiszpa\u0144skiego oraz francuskiego na wszystkich poziomach zaawansowania.","publisher":{"@id":"https:\/\/poliglota.net\/#organization"},"potentialAction":[{"@type":"SearchAction","target":{"@type":"EntryPoint","urlTemplate":"https:\/\/poliglota.net\/?s={search_term_string}"},"query-input":"required name=search_term_string"}],"inLanguage":"pl-PL"},{"@type":"Organization","@id":"https:\/\/poliglota.net\/#organization","name":"Poliglota Szko\u0142a J\u0119zyk\u00f3w Obcych","url":"https:\/\/poliglota.net\/","logo":{"@type":"ImageObject","inLanguage":"pl-PL","@id":"https:\/\/poliglota.net\/#\/schema\/logo\/image\/","url":"https:\/\/poliglota.net\/wp-content\/uploads\/2024\/04\/unnamed.jpg","contentUrl":"https:\/\/poliglota.net\/wp-content\/uploads\/2024\/04\/unnamed.jpg","width":686,"height":379,"caption":"Poliglota Szko\u0142a J\u0119zyk\u00f3w Obcych"},"image":{"@id":"https:\/\/poliglota.net\/#\/schema\/logo\/image\/"}}]}},"_links":{"self":[{"href":"https:\/\/poliglota.net\/index.php?rest_route=\/wp\/v2\/pages\/554","targetHints":{"allow":["GET"]}}],"collection":[{"href":"https:\/\/poliglota.net\/index.php?rest_route=\/wp\/v2\/pages"}],"about":[{"href":"https:\/\/poliglota.net\/index.php?rest_route=\/wp\/v2\/types\/page"}],"author":[{"embeddable":true,"href":"https:\/\/poliglota.net\/index.php?rest_route=\/wp\/v2\/users\/1"}],"replies":[{"embeddable":true,"href":"https:\/\/poliglota.net\/index.php?rest_route=%2Fwp%2Fv2%2Fcomments&post=554"}],"version-history":[{"count":30,"href":"https:\/\/poliglota.net\/index.php?rest_route=\/wp\/v2\/pages\/554\/revisions"}],"predecessor-version":[{"id":1186,"href":"https:\/\/poliglota.net\/index.php?rest_route=\/wp\/v2\/pages\/554\/revisions\/1186"}],"wp:attachment":[{"href":"https:\/\/poliglota.net\/index.php?rest_route=%2Fwp%2Fv2%2Fmedia&parent=554"}],"curies":[{"name":"wp","href":"https:\/\/api.w.org\/{rel}","templated":true}]}}