{"id":61,"date":"2020-01-23T18:21:52","date_gmt":"2020-01-23T18:21:52","guid":{"rendered":"https:\/\/demosites.io\/web-agency-gb\/?page_id=61"},"modified":"2024-05-27T08:09:34","modified_gmt":"2024-05-27T06:09:34","slug":"o-nas","status":"publish","type":"page","link":"https:\/\/poliglota.net\/?page_id=61","title":{"rendered":"O nas"},"content":{"rendered":"\t\t<div data-elementor-type=\"wp-page\" data-elementor-id=\"61\" class=\"elementor elementor-61\">\n\t\t\t\t<div class=\"elementor-element elementor-element-74339d5 e-flex e-con-boxed e-con e-parent\" data-id=\"74339d5\" data-element_type=\"container\" data-settings=\"{&quot;content_width&quot;:&quot;boxed&quot;}\" data-core-v316-plus=\"true\">\n\t\t\t\t\t<div class=\"e-con-inner\">\n\t\t\t\t<div class=\"elementor-element elementor-element-1c86ba0 elementor-widget elementor-widget-image\" data-id=\"1c86ba0\" data-element_type=\"widget\" data-widget_type=\"image.default\">\n\t\t\t\t<div class=\"elementor-widget-container\">\n\t\t\t<style>\/*! elementor - v3.19.0 - 07-02-2024 *\/\n.elementor-widget-image{text-align:center}.elementor-widget-image a{display:inline-block}.elementor-widget-image a img[src$=\".svg\"]{width:48px}.elementor-widget-image img{vertical-align:middle;display:inline-block}<\/style>\t\t\t\t\t\t\t\t\t\t<img fetchpriority=\"high\" decoding=\"async\" width=\"768\" height=\"243\" src=\"https:\/\/poliglota.net\/wp-content\/uploads\/2024\/04\/Projekt-bez-nazwy-1-768x243.png\" class=\"attachment-medium_large size-medium_large wp-image-419\" alt=\"\" srcset=\"https:\/\/poliglota.net\/wp-content\/uploads\/2024\/04\/Projekt-bez-nazwy-1-768x243.png 768w, https:\/\/poliglota.net\/wp-content\/uploads\/2024\/04\/Projekt-bez-nazwy-1-300x95.png 300w, https:\/\/poliglota.net\/wp-content\/uploads\/2024\/04\/Projekt-bez-nazwy-1-1024x323.png 1024w, https:\/\/poliglota.net\/wp-content\/uploads\/2024\/04\/Projekt-bez-nazwy-1-1536x485.png 1536w, https:\/\/poliglota.net\/wp-content\/uploads\/2024\/04\/Projekt-bez-nazwy-1.png 1900w\" sizes=\"(max-width: 768px) 100vw, 768px\" \/>\t\t\t\t\t\t\t\t\t\t\t\t\t<\/div>\n\t\t\t\t<\/div>\n\t\t\t\t\t<\/div>\n\t\t\t\t<\/div>\n\t\t<div class=\"elementor-element elementor-element-f38aaec e-flex e-con-boxed e-con e-parent\" data-id=\"f38aaec\" data-element_type=\"container\" data-settings=\"{&quot;content_width&quot;:&quot;boxed&quot;}\" data-core-v316-plus=\"true\">\n\t\t\t\t\t<div class=\"e-con-inner\">\n\t\t\t\t<div class=\"elementor-element elementor-element-07c6c91 elementor-widget elementor-widget-text-editor\" data-id=\"07c6c91\" data-element_type=\"widget\" data-widget_type=\"text-editor.default\">\n\t\t\t\t<div class=\"elementor-widget-container\">\n\t\t\t<style>\/*! elementor - v3.19.0 - 07-02-2024 *\/\n.elementor-widget-text-editor.elementor-drop-cap-view-stacked .elementor-drop-cap{background-color:#69727d;color:#fff}.elementor-widget-text-editor.elementor-drop-cap-view-framed .elementor-drop-cap{color:#69727d;border:3px solid;background-color:transparent}.elementor-widget-text-editor:not(.elementor-drop-cap-view-default) .elementor-drop-cap{margin-top:8px}.elementor-widget-text-editor:not(.elementor-drop-cap-view-default) .elementor-drop-cap-letter{width:1em;height:1em}.elementor-widget-text-editor .elementor-drop-cap{float:left;text-align:center;line-height:1;font-size:50px}.elementor-widget-text-editor .elementor-drop-cap-letter{display:inline-block}<\/style>\t\t\t\t<p>Szko\u0142a J\u0119zyk\u00f3w <strong>Poliglota<\/strong>&nbsp;istnieje na rynku od &nbsp;2007 roku z powodzeniem wprowadzaj\u0105c kursant\u00f3w w \u015bwiat j\u0119zyk\u00f3w obcych. Nasze motto \u201cNauczamy z &nbsp;pasj\u0105\u201d idealnie oddaje ducha naszej misji \u2013 pragniemy dzieli\u0107 si\u0119 wiedz\u0105 i zara\u017ca\u0107 innych entuzjazmem do nauki j\u0119zyk\u00f3w obcych.<\/p>\n<p><strong>Nasze atuty to<\/strong>:<\/p>\n<p><strong>Innowacyjno\u015b\u0107: <\/strong>Stosujemy innowacyjne techniki dydaktyczne, kt\u00f3re s\u0105 skrojone na miar\u0119 potrzeb naszych kursant\u00f3w. K\u0142adziemy nacisk na doskonalenie umiej\u0119tno\u015bci konwersacyjnych, gdy\u017c w erze globalizacji zdolno\u015b\u0107 do komunikacji w j\u0119zyku obcym&nbsp; staje si\u0119 nie tylko atutem, ale wr\u0119cz konieczno\u015bci\u0105<\/p>\n<p><strong>Kadra<\/strong>: Nasz zesp\u00f3\u0142 to starannie dobrani lektorzy z wieloletnim do\u015bwiadczeniem pedagogicznym. S\u0105 to zar\u00f3wno native speakers, jak i wykwalifikowani nauczyciele z licencj\u0105 na prowadzenie zaj\u0119\u0107 metod\u0105 Teddy Eddie i Savvy Ed.<\/p>\n<p><strong>Atmosfera<\/strong>: W Poliglocie panuje przyjazna atmosfera, kt\u00f3ra sprzyja nauce i eliminuje stres<\/p>\n<p><strong>Misja<\/strong>: Promujemy ide\u0119, \u017ce ka\u017cdy, niezale\u017cnie od wieku mo\u017ce nauczy\u0107 si\u0119 nowego j\u0119zyka i korzysta\u0107 z jego zalet<\/p>\n<p>Zapraszamy do&nbsp;<strong>Poligloty<\/strong>, gdzie j\u0119zyki \u0142\u0105cz\u0105 ludzi, a nauka staje si\u0119 pasj\u0105. Do\u0142\u0105cz do nas i poczuj r\u00f3\u017cnic\u0119 w komunikacji mi\u0119dzyludzkiej!<\/p>\n<p><\/p>\t\t\t\t\t\t<\/div>\n\t\t\t\t<\/div>\n\t\t\t\t\t<\/div>\n\t\t\t\t<\/div>\n\t\t<div class=\"elementor-element elementor-element-4987f23 e-flex e-con-boxed e-con e-parent\" data-id=\"4987f23\" data-element_type=\"container\" data-settings=\"{&quot;content_width&quot;:&quot;boxed&quot;}\" data-core-v316-plus=\"true\">\n\t\t\t\t\t<div class=\"e-con-inner\">\n\t\t\t\t<div class=\"elementor-element elementor-element-beb9e62 elementor-widget elementor-widget-heading\" data-id=\"beb9e62\" data-element_type=\"widget\" data-widget_type=\"heading.default\">\n\t\t\t\t<div class=\"elementor-widget-container\">\n\t\t\t<style>\/*! elementor - v3.19.0 - 07-02-2024 *\/\n.elementor-heading-title{padding:0;margin:0;line-height:1}.elementor-widget-heading .elementor-heading-title[class*=elementor-size-]>a{color:inherit;font-size:inherit;line-height:inherit}.elementor-widget-heading .elementor-heading-title.elementor-size-small{font-size:15px}.elementor-widget-heading .elementor-heading-title.elementor-size-medium{font-size:19px}.elementor-widget-heading .elementor-heading-title.elementor-size-large{font-size:29px}.elementor-widget-heading .elementor-heading-title.elementor-size-xl{font-size:39px}.elementor-widget-heading .elementor-heading-title.elementor-size-xxl{font-size:59px}<\/style><h1 class=\"elementor-heading-title elementor-size-default\">Tak zaczynali\u015bmy, kliknij i zobacz film \u00bb<\/h1>\t\t<\/div>\n\t\t\t\t<\/div>\n\t\t\t\t\t<\/div>\n\t\t\t\t<\/div>\n\t\t<div class=\"elementor-element elementor-element-1a4cae3 e-flex e-con-boxed e-con e-parent\" data-id=\"1a4cae3\" data-element_type=\"container\" data-settings=\"{&quot;content_width&quot;:&quot;boxed&quot;}\" data-core-v316-plus=\"true\">\n\t\t\t\t\t<div class=\"e-con-inner\">\n\t\t\t\t<div class=\"elementor-element elementor-element-ae952f9 elementor-widget elementor-widget-image\" data-id=\"ae952f9\" data-element_type=\"widget\" data-widget_type=\"image.default\">\n\t\t\t\t<div class=\"elementor-widget-container\">\n\t\t\t\t\t\t\t\t\t\t\t\t\t\t<a href=\"https:\/\/poliglota.net\/wp-content\/uploads\/2024\/05\/VTS_01_1.mp4\">\n\t\t\t\t\t\t\t<img decoding=\"async\" width=\"400\" height=\"195\" src=\"https:\/\/poliglota.net\/wp-content\/uploads\/2024\/05\/screen_movie.png\" class=\"attachment-large size-large wp-image-1071\" alt=\"\" srcset=\"https:\/\/poliglota.net\/wp-content\/uploads\/2024\/05\/screen_movie.png 400w, https:\/\/poliglota.net\/wp-content\/uploads\/2024\/05\/screen_movie-300x146.png 300w\" sizes=\"(max-width: 400px) 100vw, 400px\" \/>\t\t\t\t\t\t\t\t<\/a>\n\t\t\t\t\t\t\t\t\t\t\t\t\t<\/div>\n\t\t\t\t<\/div>\n\t\t\t\t\t<\/div>\n\t\t\t\t<\/div>\n\t\t<div class=\"elementor-element elementor-element-9185166 e-flex e-con-boxed e-con e-parent\" data-id=\"9185166\" data-element_type=\"container\" data-settings=\"{&quot;content_width&quot;:&quot;boxed&quot;}\" data-core-v316-plus=\"true\">\n\t\t\t\t\t<div class=\"e-con-inner\">\n\t\t<div class=\"elementor-element elementor-element-b9b58e6 e-con-full e-flex e-con e-child\" data-id=\"b9b58e6\" data-element_type=\"container\" data-settings=\"{&quot;content_width&quot;:&quot;full&quot;}\">\n\t\t\t\t<div class=\"elementor-element elementor-element-fb54eda elementor-widget elementor-widget-text-editor\" data-id=\"fb54eda\" data-element_type=\"widget\" data-widget_type=\"text-editor.default\">\n\t\t\t\t<div class=\"elementor-widget-container\">\n\t\t\t\t\t\t\t<p><b>\u201cPOLIGLOTA\u201d Szko\u0142a J\u0119zyk\u00f3w Obcych<\/b><\/p><p>tel. 601 697 601<br \/><span style=\"color: var( --e-global-color-text ); text-align: var(--text-align); background-color: var(--wp--preset--color--background);\">98-400 Wierusz\u00f3w<br \/><\/span><span style=\"background-color: var(--wp--preset--color--background); color: var( --e-global-color-text ); text-align: var(--text-align);\">ul. Ludwika Wary\u0144skiego 35 \u2013 II pi\u0119tro (obok skateparku)<\/span><\/p><p><a href=\"https:\/\/web.archive.org\/web\/20220928085129\/mailto:sekretariat@poliglota.net\" target=\"_blank\" rel=\"noopener\">e-mail: sekretariat@poliglota.net<\/a><\/p><p>Godziny pracy sekretariatu:<br \/><span style=\"color: var( --e-global-color-text ); text-align: var(--text-align); background-color: var(--wp--preset--color--background);\">poniedzia\u0142ek \u2013 pi\u0105tek: 14.00 \u2013 17.00<\/span><\/p><p><span style=\"color: var( --e-global-color-text ); text-align: var(--text-align); background-color: var(--wp--preset--color--background);\">Nr konta bankowego:<br \/><\/span><span style=\"color: var( --e-global-color-text ); text-align: var(--text-align); background-color: var(--wp--preset--color--background);\">31 1500 1155 1211 5006 0446 0000<\/span><\/p><p>NIP: 619 150 32 40<br \/>Regon 300151304<br \/><br \/>Adres siedziby: ul. Teczowa 2a\/28,\u00a0<br \/><span style=\"color: var( --e-global-color-text ); text-align: var(--text-align); background-color: var(--wp--preset--color--background);\">63-600 K\u0119pno<\/span><\/p>\t\t\t\t\t\t<\/div>\n\t\t\t\t<\/div>\n\t\t\t\t<\/div>\n\t\t\t\t<div class=\"elementor-element elementor-element-8660d92 elementor-widget elementor-widget-google_maps\" data-id=\"8660d92\" data-element_type=\"widget\" data-widget_type=\"google_maps.default\">\n\t\t\t\t<div class=\"elementor-widget-container\">\n\t\t\t<style>\/*! elementor - v3.19.0 - 07-02-2024 *\/\n.elementor-widget-google_maps .elementor-widget-container{overflow:hidden}.elementor-widget-google_maps .elementor-custom-embed{line-height:0}.elementor-widget-google_maps iframe{height:300px}<\/style>\t\t<div class=\"elementor-custom-embed\">\n\t\t\t<iframe loading=\"lazy\"\n\t\t\t\t\tsrc=\"https:\/\/maps.google.com\/maps?q=Ludwika%20Wary%C5%84skiego%2035%20II%20pi%C4%99tro%20%28obok%20skateparku%2C%2098-400%20Wierusz%C3%B3w&#038;t=m&#038;z=12&#038;output=embed&#038;iwloc=near\"\n\t\t\t\t\ttitle=\"Ludwika Wary\u0144skiego 35 II pi\u0119tro (obok skateparku, 98-400 Wierusz\u00f3w\"\n\t\t\t\t\taria-label=\"Ludwika Wary\u0144skiego 35 II pi\u0119tro (obok skateparku, 98-400 Wierusz\u00f3w\"\n\t\t\t><\/iframe>\n\t\t<\/div>\n\t\t\t\t<\/div>\n\t\t\t\t<\/div>\n\t\t\t\t\t<\/div>\n\t\t\t\t<\/div>\n\t\t\t\t<\/div>\n\t\t","protected":false},"excerpt":{"rendered":"<p>Szko\u0142a J\u0119zyk\u00f3w Poliglota&nbsp;istnieje na rynku od &nbsp;2007 roku z powodzeniem wprowadzaj\u0105c kursant\u00f3w w \u015bwiat j\u0119zyk\u00f3w obcych. Nasze motto \u201cNauczamy z &nbsp;pasj\u0105\u201d idealnie oddaje ducha naszej misji \u2013 pragniemy dzieli\u0107 si\u0119 wiedz\u0105 i zara\u017ca\u0107 innych entuzjazmem do nauki j\u0119zyk\u00f3w obcych. Nasze atuty to: Innowacyjno\u015b\u0107: Stosujemy innowacyjne techniki dydaktyczne, kt\u00f3re s\u0105 skrojone na miar\u0119 potrzeb naszych kursant\u00f3w. [&hellip;]<\/p>\n","protected":false},"author":1,"featured_media":0,"parent":0,"menu_order":0,"comment_status":"closed","ping_status":"closed","template":"","meta":{"_ti_tpc_template_sync":false,"_ti_tpc_template_id":"eex7gnweb2m8vo93cr1g","footnotes":""},"class_list":["post-61","page","type-page","status-publish","hentry"],"yoast_head":"<!-- This site is optimized with the Yoast SEO plugin v22.0 - https:\/\/yoast.com\/wordpress\/plugins\/seo\/ -->\n<title>O nas - Poliglota Szko\u0142a J\u0119zyk\u00f3w Obcych<\/title>\n<meta name=\"robots\" content=\"index, follow, max-snippet:-1, max-image-preview:large, max-video-preview:-1\" \/>\n<link rel=\"canonical\" href=\"https:\/\/poliglota.net\/?page_id=61\" \/>\n<meta property=\"og:locale\" content=\"pl_PL\" \/>\n<meta property=\"og:type\" content=\"article\" \/>\n<meta property=\"og:title\" content=\"O nas - Poliglota Szko\u0142a J\u0119zyk\u00f3w Obcych\" \/>\n<meta property=\"og:description\" content=\"Szko\u0142a J\u0119zyk\u00f3w Poliglota&nbsp;istnieje na rynku od &nbsp;2007 roku z powodzeniem wprowadzaj\u0105c kursant\u00f3w w \u015bwiat j\u0119zyk\u00f3w obcych. Nasze motto \u201cNauczamy z &nbsp;pasj\u0105\u201d idealnie oddaje ducha naszej misji \u2013 pragniemy dzieli\u0107 si\u0119 wiedz\u0105 i zara\u017ca\u0107 innych entuzjazmem do nauki j\u0119zyk\u00f3w obcych. Nasze atuty to: Innowacyjno\u015b\u0107: Stosujemy innowacyjne techniki dydaktyczne, kt\u00f3re s\u0105 skrojone na miar\u0119 potrzeb naszych kursant\u00f3w. [&hellip;]\" \/>\n<meta property=\"og:url\" content=\"https:\/\/poliglota.net\/?page_id=61\" \/>\n<meta property=\"og:site_name\" content=\"Poliglota Szko\u0142a J\u0119zyk\u00f3w Obcych\" \/>\n<meta property=\"article:modified_time\" content=\"2024-05-27T06:09:34+00:00\" \/>\n<meta property=\"og:image\" content=\"https:\/\/poliglota.net\/wp-content\/uploads\/2024\/04\/Projekt-bez-nazwy-1-768x243.png\" \/>\n<meta name=\"twitter:card\" content=\"summary_large_image\" \/>\n<meta name=\"twitter:label1\" content=\"Szacowany czas czytania\" \/>\n\t<meta name=\"twitter:data1\" content=\"2 minuty\" \/>\n<script type=\"application\/ld+json\" class=\"yoast-schema-graph\">{\"@context\":\"https:\/\/schema.org\",\"@graph\":[{\"@type\":\"WebPage\",\"@id\":\"https:\/\/poliglota.net\/?page_id=61\",\"url\":\"https:\/\/poliglota.net\/?page_id=61\",\"name\":\"O nas - Poliglota Szko\u0142a J\u0119zyk\u00f3w Obcych\",\"isPartOf\":{\"@id\":\"https:\/\/poliglota.net\/#website\"},\"datePublished\":\"2020-01-23T18:21:52+00:00\",\"dateModified\":\"2024-05-27T06:09:34+00:00\",\"breadcrumb\":{\"@id\":\"https:\/\/poliglota.net\/?page_id=61#breadcrumb\"},\"inLanguage\":\"pl-PL\",\"potentialAction\":[{\"@type\":\"ReadAction\",\"target\":[\"https:\/\/poliglota.net\/?page_id=61\"]}]},{\"@type\":\"BreadcrumbList\",\"@id\":\"https:\/\/poliglota.net\/?page_id=61#breadcrumb\",\"itemListElement\":[{\"@type\":\"ListItem\",\"position\":1,\"name\":\"Home\",\"item\":\"https:\/\/poliglota.net\/\"},{\"@type\":\"ListItem\",\"position\":2,\"name\":\"O nas\"}]},{\"@type\":\"WebSite\",\"@id\":\"https:\/\/poliglota.net\/#website\",\"url\":\"https:\/\/poliglota.net\/\",\"name\":\"Poliglota Szko\u0142a J\u0119zyk\u00f3w Obcych\",\"description\":\"Nasza szko\u0142a istnieje od 2007 roku. Specjalizujemy si\u0119 w nauczaniu j\u0119zyka angielskiego, niemieckiego, rosyjskiego, w\u0142oskiego, hiszpa\u0144skiego oraz francuskiego na wszystkich poziomach zaawansowania.\",\"publisher\":{\"@id\":\"https:\/\/poliglota.net\/#organization\"},\"potentialAction\":[{\"@type\":\"SearchAction\",\"target\":{\"@type\":\"EntryPoint\",\"urlTemplate\":\"https:\/\/poliglota.net\/?s={search_term_string}\"},\"query-input\":\"required name=search_term_string\"}],\"inLanguage\":\"pl-PL\"},{\"@type\":\"Organization\",\"@id\":\"https:\/\/poliglota.net\/#organization\",\"name\":\"Poliglota Szko\u0142a J\u0119zyk\u00f3w Obcych\",\"url\":\"https:\/\/poliglota.net\/\",\"logo\":{\"@type\":\"ImageObject\",\"inLanguage\":\"pl-PL\",\"@id\":\"https:\/\/poliglota.net\/#\/schema\/logo\/image\/\",\"url\":\"https:\/\/poliglota.net\/wp-content\/uploads\/2024\/04\/unnamed.jpg\",\"contentUrl\":\"https:\/\/poliglota.net\/wp-content\/uploads\/2024\/04\/unnamed.jpg\",\"width\":686,\"height\":379,\"caption\":\"Poliglota Szko\u0142a J\u0119zyk\u00f3w Obcych\"},\"image\":{\"@id\":\"https:\/\/poliglota.net\/#\/schema\/logo\/image\/\"}}]}<\/script>\n<!-- \/ Yoast SEO plugin. -->","yoast_head_json":{"title":"O nas - Poliglota Szko\u0142a J\u0119zyk\u00f3w Obcych","robots":{"index":"index","follow":"follow","max-snippet":"max-snippet:-1","max-image-preview":"max-image-preview:large","max-video-preview":"max-video-preview:-1"},"canonical":"https:\/\/poliglota.net\/?page_id=61","og_locale":"pl_PL","og_type":"article","og_title":"O nas - Poliglota Szko\u0142a J\u0119zyk\u00f3w Obcych","og_description":"Szko\u0142a J\u0119zyk\u00f3w Poliglota&nbsp;istnieje na rynku od &nbsp;2007 roku z powodzeniem wprowadzaj\u0105c kursant\u00f3w w \u015bwiat j\u0119zyk\u00f3w obcych. Nasze motto \u201cNauczamy z &nbsp;pasj\u0105\u201d idealnie oddaje ducha naszej misji \u2013 pragniemy dzieli\u0107 si\u0119 wiedz\u0105 i zara\u017ca\u0107 innych entuzjazmem do nauki j\u0119zyk\u00f3w obcych. Nasze atuty to: Innowacyjno\u015b\u0107: Stosujemy innowacyjne techniki dydaktyczne, kt\u00f3re s\u0105 skrojone na miar\u0119 potrzeb naszych kursant\u00f3w. [&hellip;]","og_url":"https:\/\/poliglota.net\/?page_id=61","og_site_name":"Poliglota Szko\u0142a J\u0119zyk\u00f3w Obcych","article_modified_time":"2024-05-27T06:09:34+00:00","og_image":[{"url":"https:\/\/poliglota.net\/wp-content\/uploads\/2024\/04\/Projekt-bez-nazwy-1-768x243.png"}],"twitter_card":"summary_large_image","twitter_misc":{"Szacowany czas czytania":"2 minuty"},"schema":{"@context":"https:\/\/schema.org","@graph":[{"@type":"WebPage","@id":"https:\/\/poliglota.net\/?page_id=61","url":"https:\/\/poliglota.net\/?page_id=61","name":"O nas - Poliglota Szko\u0142a J\u0119zyk\u00f3w Obcych","isPartOf":{"@id":"https:\/\/poliglota.net\/#website"},"datePublished":"2020-01-23T18:21:52+00:00","dateModified":"2024-05-27T06:09:34+00:00","breadcrumb":{"@id":"https:\/\/poliglota.net\/?page_id=61#breadcrumb"},"inLanguage":"pl-PL","potentialAction":[{"@type":"ReadAction","target":["https:\/\/poliglota.net\/?page_id=61"]}]},{"@type":"BreadcrumbList","@id":"https:\/\/poliglota.net\/?page_id=61#breadcrumb","itemListElement":[{"@type":"ListItem","position":1,"name":"Home","item":"https:\/\/poliglota.net\/"},{"@type":"ListItem","position":2,"name":"O nas"}]},{"@type":"WebSite","@id":"https:\/\/poliglota.net\/#website","url":"https:\/\/poliglota.net\/","name":"Poliglota Szko\u0142a J\u0119zyk\u00f3w Obcych","description":"Nasza szko\u0142a istnieje od 2007 roku. Specjalizujemy si\u0119 w nauczaniu j\u0119zyka angielskiego, niemieckiego, rosyjskiego, w\u0142oskiego, hiszpa\u0144skiego oraz francuskiego na wszystkich poziomach zaawansowania.","publisher":{"@id":"https:\/\/poliglota.net\/#organization"},"potentialAction":[{"@type":"SearchAction","target":{"@type":"EntryPoint","urlTemplate":"https:\/\/poliglota.net\/?s={search_term_string}"},"query-input":"required name=search_term_string"}],"inLanguage":"pl-PL"},{"@type":"Organization","@id":"https:\/\/poliglota.net\/#organization","name":"Poliglota Szko\u0142a J\u0119zyk\u00f3w Obcych","url":"https:\/\/poliglota.net\/","logo":{"@type":"ImageObject","inLanguage":"pl-PL","@id":"https:\/\/poliglota.net\/#\/schema\/logo\/image\/","url":"https:\/\/poliglota.net\/wp-content\/uploads\/2024\/04\/unnamed.jpg","contentUrl":"https:\/\/poliglota.net\/wp-content\/uploads\/2024\/04\/unnamed.jpg","width":686,"height":379,"caption":"Poliglota Szko\u0142a J\u0119zyk\u00f3w Obcych"},"image":{"@id":"https:\/\/poliglota.net\/#\/schema\/logo\/image\/"}}]}},"_links":{"self":[{"href":"https:\/\/poliglota.net\/index.php?rest_route=\/wp\/v2\/pages\/61","targetHints":{"allow":["GET"]}}],"collection":[{"href":"https:\/\/poliglota.net\/index.php?rest_route=\/wp\/v2\/pages"}],"about":[{"href":"https:\/\/poliglota.net\/index.php?rest_route=\/wp\/v2\/types\/page"}],"author":[{"embeddable":true,"href":"https:\/\/poliglota.net\/index.php?rest_route=\/wp\/v2\/users\/1"}],"replies":[{"embeddable":true,"href":"https:\/\/poliglota.net\/index.php?rest_route=%2Fwp%2Fv2%2Fcomments&post=61"}],"version-history":[{"count":47,"href":"https:\/\/poliglota.net\/index.php?rest_route=\/wp\/v2\/pages\/61\/revisions"}],"predecessor-version":[{"id":1172,"href":"https:\/\/poliglota.net\/index.php?rest_route=\/wp\/v2\/pages\/61\/revisions\/1172"}],"wp:attachment":[{"href":"https:\/\/poliglota.net\/index.php?rest_route=%2Fwp%2Fv2%2Fmedia&parent=61"}],"curies":[{"name":"wp","href":"https:\/\/api.w.org\/{rel}","templated":true}]}}