{"id":977,"date":"2024-05-17T22:30:37","date_gmt":"2024-05-17T20:30:37","guid":{"rendered":"https:\/\/poliglota.net\/?page_id=977"},"modified":"2024-05-17T22:31:35","modified_gmt":"2024-05-17T20:31:35","slug":"english-for-adults","status":"publish","type":"page","link":"https:\/\/poliglota.net\/?page_id=977","title":{"rendered":"English for Adults"},"content":{"rendered":"\t\t<div data-elementor-type=\"wp-page\" data-elementor-id=\"977\" class=\"elementor elementor-977\">\n\t\t\t\t<div class=\"elementor-element elementor-element-74339d5 e-flex e-con-boxed e-con e-parent\" data-id=\"74339d5\" data-element_type=\"container\" data-settings=\"{&quot;content_width&quot;:&quot;boxed&quot;}\" data-core-v316-plus=\"true\">\n\t\t\t\t\t<div class=\"e-con-inner\">\n\t\t\t\t<div class=\"elementor-element elementor-element-1c86ba0 elementor-widget elementor-widget-image\" data-id=\"1c86ba0\" data-element_type=\"widget\" data-widget_type=\"image.default\">\n\t\t\t\t<div class=\"elementor-widget-container\">\n\t\t\t<style>\/*! elementor - v3.19.0 - 07-02-2024 *\/\n.elementor-widget-image{text-align:center}.elementor-widget-image a{display:inline-block}.elementor-widget-image a img[src$=\".svg\"]{width:48px}.elementor-widget-image img{vertical-align:middle;display:inline-block}<\/style>\t\t\t\t\t\t\t\t\t\t<img fetchpriority=\"high\" decoding=\"async\" width=\"768\" height=\"243\" src=\"https:\/\/poliglota.net\/wp-content\/uploads\/2024\/05\/slider-22-768x243.png\" class=\"attachment-medium_large size-medium_large wp-image-1032\" alt=\"\" srcset=\"https:\/\/poliglota.net\/wp-content\/uploads\/2024\/05\/slider-22-768x243.png 768w, https:\/\/poliglota.net\/wp-content\/uploads\/2024\/05\/slider-22-300x95.png 300w, https:\/\/poliglota.net\/wp-content\/uploads\/2024\/05\/slider-22-1024x323.png 1024w, https:\/\/poliglota.net\/wp-content\/uploads\/2024\/05\/slider-22-1536x485.png 1536w, https:\/\/poliglota.net\/wp-content\/uploads\/2024\/05\/slider-22.png 1900w\" sizes=\"(max-width: 768px) 100vw, 768px\" \/>\t\t\t\t\t\t\t\t\t\t\t\t\t<\/div>\n\t\t\t\t<\/div>\n\t\t\t\t\t<\/div>\n\t\t\t\t<\/div>\n\t\t<div class=\"elementor-element elementor-element-3b44b47 e-flex e-con-boxed e-con e-parent\" data-id=\"3b44b47\" data-element_type=\"container\" data-settings=\"{&quot;content_width&quot;:&quot;boxed&quot;}\" data-core-v316-plus=\"true\">\n\t\t\t\t\t<div class=\"e-con-inner\">\n\t\t\t\t<div class=\"elementor-element elementor-element-a9b75d3 elementor-widget elementor-widget-text-editor\" data-id=\"a9b75d3\" data-element_type=\"widget\" data-widget_type=\"text-editor.default\">\n\t\t\t\t<div class=\"elementor-widget-container\">\n\t\t\t<style>\/*! elementor - v3.19.0 - 07-02-2024 *\/\n.elementor-widget-text-editor.elementor-drop-cap-view-stacked .elementor-drop-cap{background-color:#69727d;color:#fff}.elementor-widget-text-editor.elementor-drop-cap-view-framed .elementor-drop-cap{color:#69727d;border:3px solid;background-color:transparent}.elementor-widget-text-editor:not(.elementor-drop-cap-view-default) .elementor-drop-cap{margin-top:8px}.elementor-widget-text-editor:not(.elementor-drop-cap-view-default) .elementor-drop-cap-letter{width:1em;height:1em}.elementor-widget-text-editor .elementor-drop-cap{float:left;text-align:center;line-height:1;font-size:50px}.elementor-widget-text-editor .elementor-drop-cap-letter{display:inline-block}<\/style>\t\t\t\t<p style=\"text-align: center;\"><strong>ENGLISH FOR ADULTS<\/strong><br \/><strong>KURSY DLA DOROS\u0141YCH<\/strong><\/p><p style=\"text-align: center;\">G\u0142\u00f3wnym celem tego typu kurs\u00f3w jest prze\u0142amanie u s\u0142uchaczy bariery komunikacyjnej umo\u017cliwiaj\u0105cej p\u0142ynn\u0105 komunikacj\u0119\u00a0<br \/><span style=\"color: var( --e-global-color-text ); background-color: var(--wp--preset--color--background);\">w typowych sytuacjach dnia codziennego.<\/span><\/p><p style=\"text-align: center;\"><span style=\"color: var( --e-global-color-text ); background-color: var(--wp--preset--color--background);\"><br \/><\/span><span style=\"color: var( --e-global-color-text ); background-color: var(--wp--preset--color--background);\">W trakcie kursu kursanci pog\u0142\u0119biaj\u0105 znajomo\u015b\u0107 struktur gramatycznych jednocze\u015bnie rozwijaj\u0105c pozosta\u0142e sprawno\u015bci j\u0119zykowe.<\/span><\/p><p style=\"text-align: center;\">Dbamy przy tym, aby wszyscy ch\u0119tnie uczestniczyli w lekcjach i brali w nich aktywny udzia\u0142 \u2013 atrakcyjne formy pracy oraz mi\u0142a atmosfera zaj\u0119\u0107 to nasz spos\u00f3b na skuteczn\u0105 i przyjemn\u0105 nauk\u0119 j\u0119zyka.<\/p><p style=\"text-align: center;\"><strong>Podzia\u0142 ze wzgl\u0119du na poziom zaawansowania.<\/strong><br \/><strong>Kurs obejmuje 86 godzin lekcyjnych, cz\u0119stotliwo\u015b\u0107 zaj\u0119\u0107: 2\u00d760 min\u00a0<\/strong><strong>lub 65 godzin lekcyjnych, cz\u0119stotliwo\u015b\u0107 zaj\u0119\u0107: 1 x 90 min<\/strong><\/p>\t\t\t\t\t\t<\/div>\n\t\t\t\t<\/div>\n\t\t\t\t\t<\/div>\n\t\t\t\t<\/div>\n\t\t<div class=\"elementor-element elementor-element-dabf01c e-flex e-con-boxed e-con e-parent\" data-id=\"dabf01c\" data-element_type=\"container\" data-settings=\"{&quot;content_width&quot;:&quot;boxed&quot;}\" data-core-v316-plus=\"true\">\n\t\t\t\t\t<div class=\"e-con-inner\">\n\t\t\t\t<div class=\"elementor-element elementor-element-3e203de elementor-widget elementor-widget-heading\" data-id=\"3e203de\" data-element_type=\"widget\" data-widget_type=\"heading.default\">\n\t\t\t\t<div class=\"elementor-widget-container\">\n\t\t\t<style>\/*! elementor - v3.19.0 - 07-02-2024 *\/\n.elementor-heading-title{padding:0;margin:0;line-height:1}.elementor-widget-heading .elementor-heading-title[class*=elementor-size-]>a{color:inherit;font-size:inherit;line-height:inherit}.elementor-widget-heading .elementor-heading-title.elementor-size-small{font-size:15px}.elementor-widget-heading .elementor-heading-title.elementor-size-medium{font-size:19px}.elementor-widget-heading .elementor-heading-title.elementor-size-large{font-size:29px}.elementor-widget-heading .elementor-heading-title.elementor-size-xl{font-size:39px}.elementor-widget-heading .elementor-heading-title.elementor-size-xxl{font-size:59px}<\/style><h1 class=\"elementor-heading-title elementor-size-default\">Wype\u0142nij formularz i dowiedz si\u0119 wi\u0119cej\u200b<\/h1>\t\t<\/div>\n\t\t\t\t<\/div>\n\t\t\t\t\t<\/div>\n\t\t\t\t<\/div>\n\t\t<div class=\"elementor-element elementor-element-0db168c e-flex e-con-boxed e-con e-parent\" data-id=\"0db168c\" data-element_type=\"container\" data-settings=\"{&quot;content_width&quot;:&quot;boxed&quot;}\" data-core-v316-plus=\"true\">\n\t\t\t\t\t<div class=\"e-con-inner\">\n\t\t\t\t<div class=\"elementor-element elementor-element-5e9cfa2 elementor-widget elementor-widget-shortcode\" data-id=\"5e9cfa2\" data-element_type=\"widget\" data-widget_type=\"shortcode.default\">\n\t\t\t\t<div class=\"elementor-widget-container\">\n\t\t\t\t\t<div class=\"elementor-shortcode\">\n<div class=\"wpcf7 no-js\" id=\"wpcf7-f4-o1\" lang=\"pl-PL\" dir=\"ltr\" data-wpcf7-id=\"4\">\n<div class=\"screen-reader-response\"><p role=\"status\" aria-live=\"polite\" aria-atomic=\"true\"><\/p> <ul><\/ul><\/div>\n<form action=\"\/index.php?rest_route=%2Fwp%2Fv2%2Fpages%2F977#wpcf7-f4-o1\" method=\"post\" class=\"wpcf7-form init\" aria-label=\"Formularz kontaktowy\" novalidate=\"novalidate\" data-status=\"init\">\n<fieldset class=\"hidden-fields-container\"><input type=\"hidden\" name=\"_wpcf7\" value=\"4\" \/><input type=\"hidden\" name=\"_wpcf7_version\" value=\"6.1.5\" \/><input type=\"hidden\" name=\"_wpcf7_locale\" value=\"pl_PL\" \/><input type=\"hidden\" name=\"_wpcf7_unit_tag\" value=\"wpcf7-f4-o1\" \/><input type=\"hidden\" name=\"_wpcf7_container_post\" value=\"0\" \/><input type=\"hidden\" name=\"_wpcf7_posted_data_hash\" value=\"\" \/>\n<\/fieldset>\n<p><label> Twoje imi\u0119<br \/>\n<span class=\"wpcf7-form-control-wrap\" data-name=\"your-name\"><input size=\"40\" maxlength=\"400\" class=\"wpcf7-form-control wpcf7-text wpcf7-validates-as-required\" autocomplete=\"name\" aria-required=\"true\" aria-invalid=\"false\" value=\"\" type=\"text\" name=\"your-name\" \/><\/span> <\/label>\n<\/p>\n<p><label> Tw\u00f3j numer telefonu*<br \/>\n<span class=\"wpcf7-form-control-wrap\" data-name=\"tel-475\"><input size=\"40\" maxlength=\"400\" class=\"wpcf7-form-control wpcf7-tel wpcf7-validates-as-required wpcf7-text wpcf7-validates-as-tel\" aria-required=\"true\" aria-invalid=\"false\" value=\"\" type=\"tel\" name=\"tel-475\" \/><\/span><\/label>\n<\/p>\n<p><label> Tw\u00f3j email<br \/>\n<span class=\"wpcf7-form-control-wrap\" data-name=\"your-email\"><input size=\"40\" maxlength=\"400\" class=\"wpcf7-form-control wpcf7-email wpcf7-validates-as-required wpcf7-text wpcf7-validates-as-email\" autocomplete=\"email\" aria-required=\"true\" aria-invalid=\"false\" value=\"\" type=\"email\" name=\"your-email\" \/><\/span> <\/label>\n<\/p>\n<p><label> Temat<br \/>\n<span class=\"wpcf7-form-control-wrap\" data-name=\"your-subject\"><input size=\"40\" maxlength=\"400\" class=\"wpcf7-form-control wpcf7-text wpcf7-validates-as-required\" aria-required=\"true\" aria-invalid=\"false\" value=\"\" type=\"text\" name=\"your-subject\" \/><\/span> <\/label>\n<\/p>\n<p><label> Twoja wiadomo\u015b\u0107<br \/>\n<span class=\"wpcf7-form-control-wrap\" data-name=\"your-message\"><textarea cols=\"40\" rows=\"10\" maxlength=\"2000\" class=\"wpcf7-form-control wpcf7-textarea\" aria-invalid=\"false\" name=\"your-message\"><\/textarea><\/span> <\/label><br \/>\nPodanie danych jest dobrowolne, ale niezb\u0119dne dla umo\u017cliwienia kontaktu z Tob\u0105 w wybranym celu.<br \/>\nSzczeg\u00f3\u0142y dotycz\u0105ce przetwarzania przez nas Twoich danych osobowych zawiera <a href=\"https:\/\/poliglota.net\/?page_id=3\">polityka prywatno\u015bci.<\/a>\n<\/p>\n<p><input class=\"wpcf7-form-control wpcf7-submit has-spinner\" type=\"submit\" value=\"Wy\u015blij wiadomo\u015b\u0107\" \/>\n<\/p><p style=\"display: none !important;\" class=\"akismet-fields-container\" data-prefix=\"_wpcf7_ak_\"><label>&#916;<textarea name=\"_wpcf7_ak_hp_textarea\" cols=\"45\" rows=\"8\" maxlength=\"100\"><\/textarea><\/label><input type=\"hidden\" id=\"ak_js_1\" name=\"_wpcf7_ak_js\" value=\"196\"\/><script>document.getElementById( \"ak_js_1\" ).setAttribute( \"value\", ( new Date() ).getTime() );<\/script><\/p><div class=\"wpcf7-response-output\" aria-hidden=\"true\"><\/div>\n<\/form>\n<\/div>\n<\/div>\n\t\t\t\t<\/div>\n\t\t\t\t<\/div>\n\t\t\t\t\t<\/div>\n\t\t\t\t<\/div>\n\t\t\t\t<\/div>\n\t\t","protected":false},"excerpt":{"rendered":"<p>ENGLISH FOR ADULTSKURSY DLA DOROS\u0141YCH G\u0142\u00f3wnym celem tego typu kurs\u00f3w jest prze\u0142amanie u s\u0142uchaczy bariery komunikacyjnej umo\u017cliwiaj\u0105cej p\u0142ynn\u0105 komunikacj\u0119\u00a0w typowych sytuacjach dnia codziennego. W trakcie kursu kursanci pog\u0142\u0119biaj\u0105 znajomo\u015b\u0107 struktur gramatycznych jednocze\u015bnie rozwijaj\u0105c pozosta\u0142e sprawno\u015bci j\u0119zykowe. Dbamy przy tym, aby wszyscy ch\u0119tnie uczestniczyli w lekcjach i brali w nich aktywny udzia\u0142 \u2013 atrakcyjne formy pracy [&hellip;]<\/p>\n","protected":false},"author":1,"featured_media":0,"parent":0,"menu_order":0,"comment_status":"closed","ping_status":"closed","template":"","meta":{"_ti_tpc_template_sync":false,"_ti_tpc_template_id":"","footnotes":""},"class_list":["post-977","page","type-page","status-publish","hentry"],"yoast_head":"<!-- This site is optimized with the Yoast SEO plugin v22.0 - https:\/\/yoast.com\/wordpress\/plugins\/seo\/ -->\n<title>English for Adults - Poliglota Szko\u0142a J\u0119zyk\u00f3w Obcych<\/title>\n<meta name=\"robots\" content=\"index, follow, max-snippet:-1, max-image-preview:large, max-video-preview:-1\" \/>\n<link rel=\"canonical\" href=\"https:\/\/poliglota.net\/?page_id=977\" \/>\n<meta property=\"og:locale\" content=\"pl_PL\" \/>\n<meta property=\"og:type\" content=\"article\" \/>\n<meta property=\"og:title\" content=\"English for Adults - Poliglota Szko\u0142a J\u0119zyk\u00f3w Obcych\" \/>\n<meta property=\"og:description\" content=\"ENGLISH FOR ADULTSKURSY DLA DOROS\u0141YCH G\u0142\u00f3wnym celem tego typu kurs\u00f3w jest prze\u0142amanie u s\u0142uchaczy bariery komunikacyjnej umo\u017cliwiaj\u0105cej p\u0142ynn\u0105 komunikacj\u0119\u00a0w typowych sytuacjach dnia codziennego. W trakcie kursu kursanci pog\u0142\u0119biaj\u0105 znajomo\u015b\u0107 struktur gramatycznych jednocze\u015bnie rozwijaj\u0105c pozosta\u0142e sprawno\u015bci j\u0119zykowe. Dbamy przy tym, aby wszyscy ch\u0119tnie uczestniczyli w lekcjach i brali w nich aktywny udzia\u0142 \u2013 atrakcyjne formy pracy [&hellip;]\" \/>\n<meta property=\"og:url\" content=\"https:\/\/poliglota.net\/?page_id=977\" \/>\n<meta property=\"og:site_name\" content=\"Poliglota Szko\u0142a J\u0119zyk\u00f3w Obcych\" \/>\n<meta property=\"article:modified_time\" content=\"2024-05-17T20:31:35+00:00\" \/>\n<meta property=\"og:image\" content=\"https:\/\/poliglota.net\/wp-content\/uploads\/2024\/05\/slider-22-768x243.png\" \/>\n<meta name=\"twitter:card\" content=\"summary_large_image\" \/>\n<meta name=\"twitter:label1\" content=\"Szacowany czas czytania\" \/>\n\t<meta name=\"twitter:data1\" content=\"1 minuta\" \/>\n<script type=\"application\/ld+json\" class=\"yoast-schema-graph\">{\"@context\":\"https:\/\/schema.org\",\"@graph\":[{\"@type\":\"WebPage\",\"@id\":\"https:\/\/poliglota.net\/?page_id=977\",\"url\":\"https:\/\/poliglota.net\/?page_id=977\",\"name\":\"English for Adults - Poliglota Szko\u0142a J\u0119zyk\u00f3w Obcych\",\"isPartOf\":{\"@id\":\"https:\/\/poliglota.net\/#website\"},\"datePublished\":\"2024-05-17T20:30:37+00:00\",\"dateModified\":\"2024-05-17T20:31:35+00:00\",\"breadcrumb\":{\"@id\":\"https:\/\/poliglota.net\/?page_id=977#breadcrumb\"},\"inLanguage\":\"pl-PL\",\"potentialAction\":[{\"@type\":\"ReadAction\",\"target\":[\"https:\/\/poliglota.net\/?page_id=977\"]}]},{\"@type\":\"BreadcrumbList\",\"@id\":\"https:\/\/poliglota.net\/?page_id=977#breadcrumb\",\"itemListElement\":[{\"@type\":\"ListItem\",\"position\":1,\"name\":\"Home\",\"item\":\"https:\/\/poliglota.net\/\"},{\"@type\":\"ListItem\",\"position\":2,\"name\":\"English for Adults\"}]},{\"@type\":\"WebSite\",\"@id\":\"https:\/\/poliglota.net\/#website\",\"url\":\"https:\/\/poliglota.net\/\",\"name\":\"Poliglota Szko\u0142a J\u0119zyk\u00f3w Obcych\",\"description\":\"Nasza szko\u0142a istnieje od 2007 roku. Specjalizujemy si\u0119 w nauczaniu j\u0119zyka angielskiego, niemieckiego, rosyjskiego, w\u0142oskiego, hiszpa\u0144skiego oraz francuskiego na wszystkich poziomach zaawansowania.\",\"publisher\":{\"@id\":\"https:\/\/poliglota.net\/#organization\"},\"potentialAction\":[{\"@type\":\"SearchAction\",\"target\":{\"@type\":\"EntryPoint\",\"urlTemplate\":\"https:\/\/poliglota.net\/?s={search_term_string}\"},\"query-input\":\"required name=search_term_string\"}],\"inLanguage\":\"pl-PL\"},{\"@type\":\"Organization\",\"@id\":\"https:\/\/poliglota.net\/#organization\",\"name\":\"Poliglota Szko\u0142a J\u0119zyk\u00f3w Obcych\",\"url\":\"https:\/\/poliglota.net\/\",\"logo\":{\"@type\":\"ImageObject\",\"inLanguage\":\"pl-PL\",\"@id\":\"https:\/\/poliglota.net\/#\/schema\/logo\/image\/\",\"url\":\"https:\/\/poliglota.net\/wp-content\/uploads\/2024\/04\/unnamed.jpg\",\"contentUrl\":\"https:\/\/poliglota.net\/wp-content\/uploads\/2024\/04\/unnamed.jpg\",\"width\":686,\"height\":379,\"caption\":\"Poliglota Szko\u0142a J\u0119zyk\u00f3w Obcych\"},\"image\":{\"@id\":\"https:\/\/poliglota.net\/#\/schema\/logo\/image\/\"}}]}<\/script>\n<!-- \/ Yoast SEO plugin. -->","yoast_head_json":{"title":"English for Adults - Poliglota Szko\u0142a J\u0119zyk\u00f3w Obcych","robots":{"index":"index","follow":"follow","max-snippet":"max-snippet:-1","max-image-preview":"max-image-preview:large","max-video-preview":"max-video-preview:-1"},"canonical":"https:\/\/poliglota.net\/?page_id=977","og_locale":"pl_PL","og_type":"article","og_title":"English for Adults - Poliglota Szko\u0142a J\u0119zyk\u00f3w Obcych","og_description":"ENGLISH FOR ADULTSKURSY DLA DOROS\u0141YCH G\u0142\u00f3wnym celem tego typu kurs\u00f3w jest prze\u0142amanie u s\u0142uchaczy bariery komunikacyjnej umo\u017cliwiaj\u0105cej p\u0142ynn\u0105 komunikacj\u0119\u00a0w typowych sytuacjach dnia codziennego. W trakcie kursu kursanci pog\u0142\u0119biaj\u0105 znajomo\u015b\u0107 struktur gramatycznych jednocze\u015bnie rozwijaj\u0105c pozosta\u0142e sprawno\u015bci j\u0119zykowe. Dbamy przy tym, aby wszyscy ch\u0119tnie uczestniczyli w lekcjach i brali w nich aktywny udzia\u0142 \u2013 atrakcyjne formy pracy [&hellip;]","og_url":"https:\/\/poliglota.net\/?page_id=977","og_site_name":"Poliglota Szko\u0142a J\u0119zyk\u00f3w Obcych","article_modified_time":"2024-05-17T20:31:35+00:00","og_image":[{"url":"https:\/\/poliglota.net\/wp-content\/uploads\/2024\/05\/slider-22-768x243.png"}],"twitter_card":"summary_large_image","twitter_misc":{"Szacowany czas czytania":"1 minuta"},"schema":{"@context":"https:\/\/schema.org","@graph":[{"@type":"WebPage","@id":"https:\/\/poliglota.net\/?page_id=977","url":"https:\/\/poliglota.net\/?page_id=977","name":"English for Adults - Poliglota Szko\u0142a J\u0119zyk\u00f3w Obcych","isPartOf":{"@id":"https:\/\/poliglota.net\/#website"},"datePublished":"2024-05-17T20:30:37+00:00","dateModified":"2024-05-17T20:31:35+00:00","breadcrumb":{"@id":"https:\/\/poliglota.net\/?page_id=977#breadcrumb"},"inLanguage":"pl-PL","potentialAction":[{"@type":"ReadAction","target":["https:\/\/poliglota.net\/?page_id=977"]}]},{"@type":"BreadcrumbList","@id":"https:\/\/poliglota.net\/?page_id=977#breadcrumb","itemListElement":[{"@type":"ListItem","position":1,"name":"Home","item":"https:\/\/poliglota.net\/"},{"@type":"ListItem","position":2,"name":"English for Adults"}]},{"@type":"WebSite","@id":"https:\/\/poliglota.net\/#website","url":"https:\/\/poliglota.net\/","name":"Poliglota Szko\u0142a J\u0119zyk\u00f3w Obcych","description":"Nasza szko\u0142a istnieje od 2007 roku. Specjalizujemy si\u0119 w nauczaniu j\u0119zyka angielskiego, niemieckiego, rosyjskiego, w\u0142oskiego, hiszpa\u0144skiego oraz francuskiego na wszystkich poziomach zaawansowania.","publisher":{"@id":"https:\/\/poliglota.net\/#organization"},"potentialAction":[{"@type":"SearchAction","target":{"@type":"EntryPoint","urlTemplate":"https:\/\/poliglota.net\/?s={search_term_string}"},"query-input":"required name=search_term_string"}],"inLanguage":"pl-PL"},{"@type":"Organization","@id":"https:\/\/poliglota.net\/#organization","name":"Poliglota Szko\u0142a J\u0119zyk\u00f3w Obcych","url":"https:\/\/poliglota.net\/","logo":{"@type":"ImageObject","inLanguage":"pl-PL","@id":"https:\/\/poliglota.net\/#\/schema\/logo\/image\/","url":"https:\/\/poliglota.net\/wp-content\/uploads\/2024\/04\/unnamed.jpg","contentUrl":"https:\/\/poliglota.net\/wp-content\/uploads\/2024\/04\/unnamed.jpg","width":686,"height":379,"caption":"Poliglota Szko\u0142a J\u0119zyk\u00f3w Obcych"},"image":{"@id":"https:\/\/poliglota.net\/#\/schema\/logo\/image\/"}}]}},"_links":{"self":[{"href":"https:\/\/poliglota.net\/index.php?rest_route=\/wp\/v2\/pages\/977","targetHints":{"allow":["GET"]}}],"collection":[{"href":"https:\/\/poliglota.net\/index.php?rest_route=\/wp\/v2\/pages"}],"about":[{"href":"https:\/\/poliglota.net\/index.php?rest_route=\/wp\/v2\/types\/page"}],"author":[{"embeddable":true,"href":"https:\/\/poliglota.net\/index.php?rest_route=\/wp\/v2\/users\/1"}],"replies":[{"embeddable":true,"href":"https:\/\/poliglota.net\/index.php?rest_route=%2Fwp%2Fv2%2Fcomments&post=977"}],"version-history":[{"count":7,"href":"https:\/\/poliglota.net\/index.php?rest_route=\/wp\/v2\/pages\/977\/revisions"}],"predecessor-version":[{"id":1038,"href":"https:\/\/poliglota.net\/index.php?rest_route=\/wp\/v2\/pages\/977\/revisions\/1038"}],"wp:attachment":[{"href":"https:\/\/poliglota.net\/index.php?rest_route=%2Fwp%2Fv2%2Fmedia&parent=977"}],"curies":[{"name":"wp","href":"https:\/\/api.w.org\/{rel}","templated":true}]}}